{"id":1061,"date":"2018-07-19T18:13:08","date_gmt":"2018-07-19T16:13:08","guid":{"rendered":"http:\/\/cdn.his-germany.com\/?page_id=1061"},"modified":"2025-12-10T17:22:37","modified_gmt":"2025-12-10T16:22:37","slug":"frankfurt","status":"publish","type":"page","link":"https:\/\/www.his-germany.de\/de\/filialen\/frankfurt\/","title":{"rendered":"Frankfurt am Main &#8211; Reiseb\u00fcro"},"content":{"rendered":"<p><span style=\"font-family: georgia, palatino, serif\"><strong><span style=\"color: #ff0000\">Bitte beachten Sie, dass unsere \u00d6ffnungszeiten insbesondere zwischen Feiertagen abweichen k\u00f6nnen. <\/span><\/strong><\/span><\/p>\n<p><span style=\"font-family: georgia, palatino, serif\"><strong><span style=\"color: #ff0000\">Alle aktuellen Informationen finden Sie<\/span>\u00a0<a href=\"https:\/\/www.his-germany.de\/de\/2021\/03\/31\/geaenderte-geschaeftszeiten-2\/\">HIER<\/a>.<\/strong><\/span><\/p>\n<hr \/>\n<p>&nbsp;<\/p>\n<table style=\"width: 100%;border-collapse: collapse;border-color: #ffffff;background-color: #ffffff\" border=\"1\">\n<tbody>\n<tr>\n<td style=\"width: 50%\"><strong>Adresse:<\/strong><\/p>\n<p>Stephanstr. 5<br \/>\n60313 Frankfurt am Main, Deutschland<\/p>\n<p><strong>Telefonnummer:<\/strong><\/p>\n<p><span style=\"color: #ff0000\">Eine telefonische Reiseberatung ist zur Zeit leider nicht m\u00f6glich.\u00a0<span style=\"color: #000000\">Bitte nutzen Sie unser <a href=\"https:\/\/www.his-germany.de\/de\/buchungsanfrage\/\">Anfrageformular<\/a>.<\/span><\/span><\/p>\n<p><strong>\u00d6ffnungszeiten:<\/strong><\/p>\n<p><span style=\"color: #ff0000\">Eine pers\u00f6nliche Reiseberatung in unserem B\u00fcro ist zur Zeit leider nicht m\u00f6glich.\u00a0<\/span><\/td>\n<td style=\"width: 50%\"><\/td>\n<\/tr>\n<tr>\n<td colspan=\"2\"><\/td>\n<\/tr>\n<\/tbody>\n<\/table>\n<h3>Unsere Angebote<\/h3>\n<div>\n<p>*zur Zeit <span style=\"color: #ff0000\"><span style=\"text-decoration: underline\">keine<\/span> pers\u00f6nliche Beratung oder Buchung f\u00fcr <strong>Individualreisende <\/strong>m\u00f6glich.<\/span><\/p>\n<div><span style=\"font-family: georgia, palatino, serif;font-size: 12pt\">&gt;&gt; Wenn Sie eine <span style=\"font-size: 14pt\"><span style=\"color: #0000ff\"><strong>Gruppenreise<\/strong> (mind. 10 Personen)<\/span> <span style=\"text-decoration: underline\">veranstalten<\/span><\/span> m\u00f6chten, oder <span style=\"font-size: 14pt\">als <strong><span style=\"color: #0000ff\">Reiseagentur<\/span><\/strong><\/span> sonstige Leistungen f\u00fcr Reisen nach Japan ben\u00f6tigen, kontaktieren Sie uns \u00fcber unser\u00a0<a href=\"https:\/\/www.his-germany.de\/de\/buchungsanfrage\/\">Anfrageformular<\/a>. &lt;&lt;<\/span><\/div>\n<div><span style=\"color: #ffffff\">\u2606<\/span><\/div>\n<div><\/div>\n<table class=\"table\">\n<tbody>\n<tr>\n<th style=\"text-align: center\">Flugtickets<\/th>\n<th style=\"text-align: center\">Ausfl\u00fcge<\/th>\n<th style=\"text-align: center\">Hotels<\/th>\n<th style=\"text-align: center\">Fl\u00fcge + Hotels<\/th>\n<\/tr>\n<tr>\n<td style=\"text-align: center\">\u25cb<\/td>\n<td style=\"text-align: center\">\u25cb<\/td>\n<td style=\"text-align: center\">\u25cb<\/td>\n<td style=\"text-align: center\">\u25cb<\/td>\n<\/tr>\n<tr>\n<th style=\"text-align: center\">JR P\u00e4sse, andere Railp\u00e4sse<\/th>\n<th style=\"text-align: center\">Tickets f\u00fcr Sport und Musik<\/th>\n<th style=\"text-align: center\">Privat- \/ Gruppentransfers<\/th>\n<th style=\"text-align: center\">Kreditkartenzahlung<\/th>\n<\/tr>\n<tr>\n<td style=\"text-align: center\">\u25cb<\/td>\n<td style=\"text-align: center\">\u25cb<\/td>\n<td style=\"text-align: center\">\u25cb<\/td>\n<td style=\"text-align: center\">\u25cb<\/td>\n<\/tr>\n<\/tbody>\n<\/table>\n<\/div>\n","protected":false},"excerpt":{"rendered":"<p>Bitte beachten Sie, dass unsere \u00d6ffnungszeiten insbesondere zwischen Feiertagen abweichen k\u00f6nnen. Alle aktuellen Informationen finden Sie\u00a0HIER. &nbsp; Adresse: Stephanstr. 5 [&hellip;]<\/p>\n","protected":false},"author":1,"featured_media":8850,"parent":989,"menu_order":0,"comment_status":"closed","ping_status":"closed","template":"","meta":{"_acf_changed":false,"footnotes":""},"yoast_head":"<!-- This site is optimized with the Yoast SEO plugin v22.7 - https:\/\/yoast.com\/wordpress\/plugins\/seo\/ -->\n<title>Frankfurt am Main - Reiseb\u00fcro - H.I.S. Germany DE<\/title>\n<meta name=\"robots\" content=\"index, follow, max-snippet:-1, max-image-preview:large, max-video-preview:-1\" \/>\n<link rel=\"canonical\" href=\"https:\/\/www.his-germany.de\/de\/filialen\/frankfurt\/\" \/>\n<meta property=\"og:locale\" content=\"de_DE\" \/>\n<meta property=\"og:type\" content=\"article\" \/>\n<meta property=\"og:title\" content=\"Frankfurt am Main - Reiseb\u00fcro - H.I.S. Germany DE\" \/>\n<meta property=\"og:description\" content=\"Bitte beachten Sie, dass unsere \u00d6ffnungszeiten insbesondere zwischen Feiertagen abweichen k\u00f6nnen. Alle aktuellen Informationen finden Sie\u00a0HIER. &nbsp; Adresse: Stephanstr. 5 [&hellip;]\" \/>\n<meta property=\"og:url\" content=\"https:\/\/www.his-germany.de\/de\/filialen\/frankfurt\/\" \/>\n<meta property=\"og:site_name\" content=\"H.I.S. Germany DE\" \/>\n<meta property=\"article:publisher\" content=\"https:\/\/www.facebook.com\/HIS.Deutschland\" \/>\n<meta property=\"article:modified_time\" content=\"2025-12-10T16:22:37+00:00\" \/>\n<meta property=\"og:image\" content=\"https:\/\/www.his-germany.de\/de\/wp-content\/uploads\/sites\/2\/2020\/06\/HIS_NoImage-3.jpg\" \/>\n\t<meta property=\"og:image:width\" content=\"936\" \/>\n\t<meta property=\"og:image:height\" content=\"561\" \/>\n\t<meta property=\"og:image:type\" content=\"image\/jpeg\" \/>\n<meta name=\"twitter:card\" content=\"summary_large_image\" \/>\n<meta name=\"twitter:label1\" content=\"Gesch\u00e4tzte Lesezeit\" \/>\n\t<meta name=\"twitter:data1\" content=\"1\u00a0Minute\" \/>\n<script type=\"application\/ld+json\" class=\"yoast-schema-graph\">{\"@context\":\"https:\/\/schema.org\",\"@graph\":[{\"@type\":\"WebPage\",\"@id\":\"https:\/\/www.his-germany.de\/de\/filialen\/frankfurt\/\",\"url\":\"https:\/\/www.his-germany.de\/de\/filialen\/frankfurt\/\",\"name\":\"Frankfurt am Main - Reiseb\u00fcro - H.I.S. Germany DE\",\"isPartOf\":{\"@id\":\"https:\/\/www.his-germany.de\/de\/#website\"},\"primaryImageOfPage\":{\"@id\":\"https:\/\/www.his-germany.de\/de\/filialen\/frankfurt\/#primaryimage\"},\"image\":{\"@id\":\"https:\/\/www.his-germany.de\/de\/filialen\/frankfurt\/#primaryimage\"},\"thumbnailUrl\":\"https:\/\/www.his-germany.de\/de\/wp-content\/uploads\/sites\/2\/2020\/06\/HIS_NoImage-3.jpg\",\"datePublished\":\"2018-07-19T16:13:08+00:00\",\"dateModified\":\"2025-12-10T16:22:37+00:00\",\"breadcrumb\":{\"@id\":\"https:\/\/www.his-germany.de\/de\/filialen\/frankfurt\/#breadcrumb\"},\"inLanguage\":\"de\",\"potentialAction\":[{\"@type\":\"ReadAction\",\"target\":[\"https:\/\/www.his-germany.de\/de\/filialen\/frankfurt\/\"]}]},{\"@type\":\"ImageObject\",\"inLanguage\":\"de\",\"@id\":\"https:\/\/www.his-germany.de\/de\/filialen\/frankfurt\/#primaryimage\",\"url\":\"https:\/\/www.his-germany.de\/de\/wp-content\/uploads\/sites\/2\/2020\/06\/HIS_NoImage-3.jpg\",\"contentUrl\":\"https:\/\/www.his-germany.de\/de\/wp-content\/uploads\/sites\/2\/2020\/06\/HIS_NoImage-3.jpg\",\"width\":936,\"height\":561},{\"@type\":\"BreadcrumbList\",\"@id\":\"https:\/\/www.his-germany.de\/de\/filialen\/frankfurt\/#breadcrumb\",\"itemListElement\":[{\"@type\":\"ListItem\",\"position\":1,\"name\":\"Startseite\",\"item\":\"https:\/\/www.his-germany.de\/de\/\"},{\"@type\":\"ListItem\",\"position\":2,\"name\":\"Unsere Filialen\",\"item\":\"https:\/\/www.his-germany.de\/de\/filialen\/\"},{\"@type\":\"ListItem\",\"position\":3,\"name\":\"Frankfurt am Main &#8211; Reiseb\u00fcro\"}]},{\"@type\":\"WebSite\",\"@id\":\"https:\/\/www.his-germany.de\/de\/#website\",\"url\":\"https:\/\/www.his-germany.de\/de\/\",\"name\":\"H.I.S. Germany DE\",\"description\":\"Reise nach Japan\",\"publisher\":{\"@id\":\"https:\/\/www.his-germany.de\/de\/#organization\"},\"potentialAction\":[{\"@type\":\"SearchAction\",\"target\":{\"@type\":\"EntryPoint\",\"urlTemplate\":\"https:\/\/www.his-germany.de\/de\/?s={search_term_string}\"},\"query-input\":\"required name=search_term_string\"}],\"inLanguage\":\"de\"},{\"@type\":\"Organization\",\"@id\":\"https:\/\/www.his-germany.de\/de\/#organization\",\"name\":\"H.I.S. Deutschland Touristik GmbH\",\"url\":\"https:\/\/www.his-germany.de\/de\/\",\"logo\":{\"@type\":\"ImageObject\",\"inLanguage\":\"de\",\"@id\":\"https:\/\/www.his-germany.de\/de\/#\/schema\/logo\/image\/\",\"url\":\"https:\/\/www.his-germany.de\/de\/wp-content\/uploads\/sites\/2\/2017\/04\/logo-panel.jpg\",\"contentUrl\":\"https:\/\/www.his-germany.de\/de\/wp-content\/uploads\/sites\/2\/2017\/04\/logo-panel.jpg\",\"width\":936,\"height\":561,\"caption\":\"H.I.S. Deutschland Touristik GmbH\"},\"image\":{\"@id\":\"https:\/\/www.his-germany.de\/de\/#\/schema\/logo\/image\/\"},\"sameAs\":[\"https:\/\/www.facebook.com\/HIS.Deutschland\"]}]}<\/script>\n<!-- \/ Yoast SEO plugin. -->","yoast_head_json":{"title":"Frankfurt am Main - Reiseb\u00fcro - H.I.S. Germany DE","robots":{"index":"index","follow":"follow","max-snippet":"max-snippet:-1","max-image-preview":"max-image-preview:large","max-video-preview":"max-video-preview:-1"},"canonical":"https:\/\/www.his-germany.de\/de\/filialen\/frankfurt\/","og_locale":"de_DE","og_type":"article","og_title":"Frankfurt am Main - Reiseb\u00fcro - H.I.S. Germany DE","og_description":"Bitte beachten Sie, dass unsere \u00d6ffnungszeiten insbesondere zwischen Feiertagen abweichen k\u00f6nnen. Alle aktuellen Informationen finden Sie\u00a0HIER. &nbsp; Adresse: Stephanstr. 5 [&hellip;]","og_url":"https:\/\/www.his-germany.de\/de\/filialen\/frankfurt\/","og_site_name":"H.I.S. Germany DE","article_publisher":"https:\/\/www.facebook.com\/HIS.Deutschland","article_modified_time":"2025-12-10T16:22:37+00:00","og_image":[{"width":936,"height":561,"url":"https:\/\/www.his-germany.de\/de\/wp-content\/uploads\/sites\/2\/2020\/06\/HIS_NoImage-3.jpg","type":"image\/jpeg"}],"twitter_card":"summary_large_image","twitter_misc":{"Gesch\u00e4tzte Lesezeit":"1\u00a0Minute"},"schema":{"@context":"https:\/\/schema.org","@graph":[{"@type":"WebPage","@id":"https:\/\/www.his-germany.de\/de\/filialen\/frankfurt\/","url":"https:\/\/www.his-germany.de\/de\/filialen\/frankfurt\/","name":"Frankfurt am Main - Reiseb\u00fcro - H.I.S. Germany DE","isPartOf":{"@id":"https:\/\/www.his-germany.de\/de\/#website"},"primaryImageOfPage":{"@id":"https:\/\/www.his-germany.de\/de\/filialen\/frankfurt\/#primaryimage"},"image":{"@id":"https:\/\/www.his-germany.de\/de\/filialen\/frankfurt\/#primaryimage"},"thumbnailUrl":"https:\/\/www.his-germany.de\/de\/wp-content\/uploads\/sites\/2\/2020\/06\/HIS_NoImage-3.jpg","datePublished":"2018-07-19T16:13:08+00:00","dateModified":"2025-12-10T16:22:37+00:00","breadcrumb":{"@id":"https:\/\/www.his-germany.de\/de\/filialen\/frankfurt\/#breadcrumb"},"inLanguage":"de","potentialAction":[{"@type":"ReadAction","target":["https:\/\/www.his-germany.de\/de\/filialen\/frankfurt\/"]}]},{"@type":"ImageObject","inLanguage":"de","@id":"https:\/\/www.his-germany.de\/de\/filialen\/frankfurt\/#primaryimage","url":"https:\/\/www.his-germany.de\/de\/wp-content\/uploads\/sites\/2\/2020\/06\/HIS_NoImage-3.jpg","contentUrl":"https:\/\/www.his-germany.de\/de\/wp-content\/uploads\/sites\/2\/2020\/06\/HIS_NoImage-3.jpg","width":936,"height":561},{"@type":"BreadcrumbList","@id":"https:\/\/www.his-germany.de\/de\/filialen\/frankfurt\/#breadcrumb","itemListElement":[{"@type":"ListItem","position":1,"name":"Startseite","item":"https:\/\/www.his-germany.de\/de\/"},{"@type":"ListItem","position":2,"name":"Unsere Filialen","item":"https:\/\/www.his-germany.de\/de\/filialen\/"},{"@type":"ListItem","position":3,"name":"Frankfurt am Main &#8211; Reiseb\u00fcro"}]},{"@type":"WebSite","@id":"https:\/\/www.his-germany.de\/de\/#website","url":"https:\/\/www.his-germany.de\/de\/","name":"H.I.S. Germany DE","description":"Reise nach Japan","publisher":{"@id":"https:\/\/www.his-germany.de\/de\/#organization"},"potentialAction":[{"@type":"SearchAction","target":{"@type":"EntryPoint","urlTemplate":"https:\/\/www.his-germany.de\/de\/?s={search_term_string}"},"query-input":"required name=search_term_string"}],"inLanguage":"de"},{"@type":"Organization","@id":"https:\/\/www.his-germany.de\/de\/#organization","name":"H.I.S. Deutschland Touristik GmbH","url":"https:\/\/www.his-germany.de\/de\/","logo":{"@type":"ImageObject","inLanguage":"de","@id":"https:\/\/www.his-germany.de\/de\/#\/schema\/logo\/image\/","url":"https:\/\/www.his-germany.de\/de\/wp-content\/uploads\/sites\/2\/2017\/04\/logo-panel.jpg","contentUrl":"https:\/\/www.his-germany.de\/de\/wp-content\/uploads\/sites\/2\/2017\/04\/logo-panel.jpg","width":936,"height":561,"caption":"H.I.S. Deutschland Touristik GmbH"},"image":{"@id":"https:\/\/www.his-germany.de\/de\/#\/schema\/logo\/image\/"},"sameAs":["https:\/\/www.facebook.com\/HIS.Deutschland"]}]}},"acf":[],"publishpress_future_action":{"enabled":false,"date":"2026-04-25 14:34:21","action":"change-status","newStatus":"draft","terms":[],"taxonomy":""},"_links":{"self":[{"href":"https:\/\/www.his-germany.de\/de\/wp-json\/wp\/v2\/pages\/1061"}],"collection":[{"href":"https:\/\/www.his-germany.de\/de\/wp-json\/wp\/v2\/pages"}],"about":[{"href":"https:\/\/www.his-germany.de\/de\/wp-json\/wp\/v2\/types\/page"}],"author":[{"embeddable":true,"href":"https:\/\/www.his-germany.de\/de\/wp-json\/wp\/v2\/users\/1"}],"replies":[{"embeddable":true,"href":"https:\/\/www.his-germany.de\/de\/wp-json\/wp\/v2\/comments?post=1061"}],"version-history":[{"count":18,"href":"https:\/\/www.his-germany.de\/de\/wp-json\/wp\/v2\/pages\/1061\/revisions"}],"predecessor-version":[{"id":9984,"href":"https:\/\/www.his-germany.de\/de\/wp-json\/wp\/v2\/pages\/1061\/revisions\/9984"}],"up":[{"embeddable":true,"href":"https:\/\/www.his-germany.de\/de\/wp-json\/wp\/v2\/pages\/989"}],"wp:featuredmedia":[{"embeddable":true,"href":"https:\/\/www.his-germany.de\/de\/wp-json\/wp\/v2\/media\/8850"}],"wp:attachment":[{"href":"https:\/\/www.his-germany.de\/de\/wp-json\/wp\/v2\/media?parent=1061"}],"curies":[{"name":"wp","href":"https:\/\/api.w.org\/{rel}","templated":true}]}}