{"id":1065,"date":"2018-07-19T18:12:59","date_gmt":"2018-07-19T16:12:59","guid":{"rendered":"http:\/\/cdn.his-germany.com\/?page_id=1065"},"modified":"2025-12-10T17:23:42","modified_gmt":"2025-12-10T16:23:42","slug":"muenchen","status":"publish","type":"page","link":"https:\/\/www.his-germany.de\/de\/filialen\/muenchen\/","title":{"rendered":"M\u00fcnchen"},"content":{"rendered":"<p><span style=\"font-family: georgia, palatino, serif\"><strong><span style=\"color: #ff0000\">Bitte beachten Sie, dass unsere \u00d6ffnungszeiten insbesondere zwischen Feiertagen abweichen k\u00f6nnen. <\/span><\/strong><\/span><\/p>\n<p><span style=\"font-family: georgia, palatino, serif\"><strong><span style=\"color: #ff0000\">Alle aktuellen Informationen finden Sie<\/span>\u00a0<a href=\"https:\/\/www.his-germany.de\/de\/2021\/03\/31\/geaenderte-geschaeftszeiten-2\/\">HIER<\/a>.<\/strong><\/span><\/p>\n<h3><span style=\"font-family: georgia, palatino, serif\">Adresse<\/span><\/h3>\n<p><span style=\"font-family: georgia, palatino, serif\">Leopoldstra\u00dfe 244, 80807 M\u00fcnchen, Deutschland\u00a0<\/span><\/p>\n<h3><span style=\"font-family: georgia, palatino, serif\">Telefonnummer<\/span><\/h3>\n<p><span style=\"color: #ff0000;font-family: georgia, palatino, serif;font-size: 12pt\">Eine telefonische Reiseberatung ist zur Zeit leider nicht m\u00f6glich.\u00a0<span style=\"color: #000000\">Bitte nutzen Sie unser <a href=\"https:\/\/www.his-germany.de\/de\/buchungsanfrage\/\">Anfrageformular<\/a>.<\/span><\/span><\/p>\n<h3><span style=\"font-family: georgia, palatino, serif\">\u00d6ffnungszeiten<\/span><\/h3>\n<p><span style=\"color: #ff0000;font-family: georgia, palatino, serif;font-size: 12pt\">Eine pers\u00f6nliche Reiseberatung in unserem B\u00fcro ist zur Zeit leider nicht m\u00f6glich.\u00a0<\/span><\/p>\n<p>&nbsp;<\/p>\n<h3><span style=\"font-family: georgia, palatino, serif\">Unsere Angebote<br \/>\n<\/span><\/h3>\n<p><span style=\"font-family: georgia, palatino, serif;font-size: 12pt\">*zur Zeit <span style=\"color: #ff0000\"><span style=\"text-decoration: underline\">keine<\/span> pers\u00f6nliche Beratung oder Buchung f\u00fcr <strong>Individualreisende <\/strong>m\u00f6glich.<\/span><\/span><\/p>\n<div><span style=\"font-family: georgia, palatino, serif;font-size: 12pt\">&gt;&gt; Wenn Sie eine <span style=\"font-size: 14pt\"><span style=\"color: #0000ff\"><strong>Gruppenreise<\/strong> (mind. 10 Personen)<\/span> <span style=\"text-decoration: underline\">veranstalten<\/span><\/span> m\u00f6chten, oder <span style=\"font-size: 14pt\">als <strong><span style=\"color: #0000ff\">Reiseagentur<\/span><\/strong><\/span> sonstige Leistungen f\u00fcr Reisen nach Japan ben\u00f6tigen, kontaktieren Sie uns \u00fcber unser\u00a0<a href=\"https:\/\/www.his-germany.de\/de\/buchungsanfrage\/\">Anfrageformular<\/a>. &lt;&lt;<\/span><\/div>\n<h3><span style=\"font-family: georgia, palatino, serif\">\u00a0<\/span><\/h3>\n<table class=\"table\" style=\"width: 78.0901%;height: 189px\">\n<tbody>\n<tr style=\"height: 24px\">\n<th style=\"text-align: center;height: 24px;width: 25.9843%\"><span style=\"font-family: georgia, palatino, serif\">Flugtickets<\/span><\/th>\n<th style=\"text-align: center;height: 24px;width: 26.7717%\"><span style=\"font-family: georgia, palatino, serif\">Ausfl\u00fcge<\/span><\/th>\n<th style=\"text-align: center;height: 24px;width: 20.9224%\"><span style=\"font-family: georgia, palatino, serif\">Hotels<\/span><\/th>\n<th style=\"text-align: center;height: 24px;width: 24.9719%\"><span style=\"font-family: georgia, palatino, serif\">Fl\u00fcge + Hotels<\/span><\/th>\n<\/tr>\n<tr style=\"height: 22px\">\n<td style=\"text-align: center;height: 22px;width: 25.9843%\"><span style=\"font-family: georgia, palatino, serif\">\u2716<\/span><\/td>\n<td style=\"text-align: center;height: 22px;width: 26.7717%\"><span style=\"font-family: georgia, palatino, serif\">\u2716<\/span><\/td>\n<td style=\"text-align: center;height: 22px;width: 20.9224%\"><span style=\"font-family: georgia, palatino, serif\">\u2716<\/span><\/td>\n<td style=\"text-align: center;height: 22px;width: 24.9719%\"><span style=\"font-family: georgia, palatino, serif\">\u2716<\/span><\/td>\n<\/tr>\n<tr style=\"height: 24px\">\n<th style=\"text-align: center;height: 24px;width: 25.9843%\"><span style=\"font-family: georgia, palatino, serif\">JR P\u00e4sse, andere Railp\u00e4sse<\/span><\/th>\n<th style=\"text-align: center;height: 24px;width: 26.7717%\"><span style=\"font-family: georgia, palatino, serif\">Tickets f\u00fcr Sport und Musik<\/span><\/th>\n<th style=\"text-align: center;height: 24px;width: 20.9224%\"><span style=\"font-family: georgia, palatino, serif\">Privat- \/ Gruppentransfers<\/span><\/th>\n<th style=\"text-align: center;height: 24px;width: 24.9719%\"><span style=\"font-family: georgia, palatino, serif\">Kreditkartenzahlung<\/span><\/th>\n<\/tr>\n<tr style=\"height: 24px\">\n<td style=\"text-align: center;height: 24px;width: 25.9843%\"><span style=\"font-family: georgia, palatino, serif\">\u2716<\/span><\/td>\n<td style=\"text-align: center;height: 24px;width: 26.7717%\"><span style=\"font-family: georgia, palatino, serif\">\u2716<\/span><\/td>\n<td style=\"text-align: center;height: 24px;width: 20.9224%\"><span style=\"font-family: georgia, palatino, serif\">\u2716<\/span><\/td>\n<td style=\"text-align: center;height: 24px;width: 24.9719%\"><span style=\"font-family: georgia, palatino, serif;font-size: 18pt\">\u25cb<\/span><\/td>\n<\/tr>\n<\/tbody>\n<\/table>\n<p>&nbsp;<\/p>\n","protected":false},"excerpt":{"rendered":"<p>Bitte beachten Sie, dass unsere \u00d6ffnungszeiten insbesondere zwischen Feiertagen abweichen k\u00f6nnen. Alle aktuellen Informationen finden Sie\u00a0HIER. Adresse Leopoldstra\u00dfe 244, 80807 [&hellip;]<\/p>\n","protected":false},"author":1,"featured_media":8850,"parent":989,"menu_order":0,"comment_status":"closed","ping_status":"closed","template":"","meta":{"_acf_changed":false,"footnotes":""},"yoast_head":"<!-- This site is optimized with the Yoast SEO plugin v22.7 - https:\/\/yoast.com\/wordpress\/plugins\/seo\/ -->\n<title>M\u00fcnchen - H.I.S. Germany DE<\/title>\n<meta name=\"robots\" content=\"index, follow, max-snippet:-1, max-image-preview:large, max-video-preview:-1\" \/>\n<link rel=\"canonical\" href=\"https:\/\/www.his-germany.de\/de\/filialen\/muenchen\/\" \/>\n<meta property=\"og:locale\" content=\"de_DE\" \/>\n<meta property=\"og:type\" content=\"article\" \/>\n<meta property=\"og:title\" content=\"M\u00fcnchen - H.I.S. Germany DE\" \/>\n<meta property=\"og:description\" content=\"Bitte beachten Sie, dass unsere \u00d6ffnungszeiten insbesondere zwischen Feiertagen abweichen k\u00f6nnen. Alle aktuellen Informationen finden Sie\u00a0HIER. Adresse Leopoldstra\u00dfe 244, 80807 [&hellip;]\" \/>\n<meta property=\"og:url\" content=\"https:\/\/www.his-germany.de\/de\/filialen\/muenchen\/\" \/>\n<meta property=\"og:site_name\" content=\"H.I.S. Germany DE\" \/>\n<meta property=\"article:publisher\" content=\"https:\/\/www.facebook.com\/HIS.Deutschland\" \/>\n<meta property=\"article:modified_time\" content=\"2025-12-10T16:23:42+00:00\" \/>\n<meta property=\"og:image\" content=\"https:\/\/www.his-germany.de\/de\/wp-content\/uploads\/sites\/2\/2020\/06\/HIS_NoImage-3.jpg\" \/>\n\t<meta property=\"og:image:width\" content=\"936\" \/>\n\t<meta property=\"og:image:height\" content=\"561\" \/>\n\t<meta property=\"og:image:type\" content=\"image\/jpeg\" \/>\n<meta name=\"twitter:card\" content=\"summary_large_image\" \/>\n<meta name=\"twitter:label1\" content=\"Gesch\u00e4tzte Lesezeit\" \/>\n\t<meta name=\"twitter:data1\" content=\"1\u00a0Minute\" \/>\n<script type=\"application\/ld+json\" class=\"yoast-schema-graph\">{\"@context\":\"https:\/\/schema.org\",\"@graph\":[{\"@type\":\"WebPage\",\"@id\":\"https:\/\/www.his-germany.de\/de\/filialen\/muenchen\/\",\"url\":\"https:\/\/www.his-germany.de\/de\/filialen\/muenchen\/\",\"name\":\"M\u00fcnchen - H.I.S. Germany DE\",\"isPartOf\":{\"@id\":\"https:\/\/www.his-germany.de\/de\/#website\"},\"primaryImageOfPage\":{\"@id\":\"https:\/\/www.his-germany.de\/de\/filialen\/muenchen\/#primaryimage\"},\"image\":{\"@id\":\"https:\/\/www.his-germany.de\/de\/filialen\/muenchen\/#primaryimage\"},\"thumbnailUrl\":\"https:\/\/www.his-germany.de\/de\/wp-content\/uploads\/sites\/2\/2020\/06\/HIS_NoImage-3.jpg\",\"datePublished\":\"2018-07-19T16:12:59+00:00\",\"dateModified\":\"2025-12-10T16:23:42+00:00\",\"breadcrumb\":{\"@id\":\"https:\/\/www.his-germany.de\/de\/filialen\/muenchen\/#breadcrumb\"},\"inLanguage\":\"de\",\"potentialAction\":[{\"@type\":\"ReadAction\",\"target\":[\"https:\/\/www.his-germany.de\/de\/filialen\/muenchen\/\"]}]},{\"@type\":\"ImageObject\",\"inLanguage\":\"de\",\"@id\":\"https:\/\/www.his-germany.de\/de\/filialen\/muenchen\/#primaryimage\",\"url\":\"https:\/\/www.his-germany.de\/de\/wp-content\/uploads\/sites\/2\/2020\/06\/HIS_NoImage-3.jpg\",\"contentUrl\":\"https:\/\/www.his-germany.de\/de\/wp-content\/uploads\/sites\/2\/2020\/06\/HIS_NoImage-3.jpg\",\"width\":936,\"height\":561},{\"@type\":\"BreadcrumbList\",\"@id\":\"https:\/\/www.his-germany.de\/de\/filialen\/muenchen\/#breadcrumb\",\"itemListElement\":[{\"@type\":\"ListItem\",\"position\":1,\"name\":\"Startseite\",\"item\":\"https:\/\/www.his-germany.de\/de\/\"},{\"@type\":\"ListItem\",\"position\":2,\"name\":\"Unsere Filialen\",\"item\":\"https:\/\/www.his-germany.de\/de\/filialen\/\"},{\"@type\":\"ListItem\",\"position\":3,\"name\":\"M\u00fcnchen\"}]},{\"@type\":\"WebSite\",\"@id\":\"https:\/\/www.his-germany.de\/de\/#website\",\"url\":\"https:\/\/www.his-germany.de\/de\/\",\"name\":\"H.I.S. Germany DE\",\"description\":\"Reise nach Japan\",\"publisher\":{\"@id\":\"https:\/\/www.his-germany.de\/de\/#organization\"},\"potentialAction\":[{\"@type\":\"SearchAction\",\"target\":{\"@type\":\"EntryPoint\",\"urlTemplate\":\"https:\/\/www.his-germany.de\/de\/?s={search_term_string}\"},\"query-input\":\"required name=search_term_string\"}],\"inLanguage\":\"de\"},{\"@type\":\"Organization\",\"@id\":\"https:\/\/www.his-germany.de\/de\/#organization\",\"name\":\"H.I.S. Deutschland Touristik GmbH\",\"url\":\"https:\/\/www.his-germany.de\/de\/\",\"logo\":{\"@type\":\"ImageObject\",\"inLanguage\":\"de\",\"@id\":\"https:\/\/www.his-germany.de\/de\/#\/schema\/logo\/image\/\",\"url\":\"https:\/\/www.his-germany.de\/de\/wp-content\/uploads\/sites\/2\/2017\/04\/logo-panel.jpg\",\"contentUrl\":\"https:\/\/www.his-germany.de\/de\/wp-content\/uploads\/sites\/2\/2017\/04\/logo-panel.jpg\",\"width\":936,\"height\":561,\"caption\":\"H.I.S. Deutschland Touristik GmbH\"},\"image\":{\"@id\":\"https:\/\/www.his-germany.de\/de\/#\/schema\/logo\/image\/\"},\"sameAs\":[\"https:\/\/www.facebook.com\/HIS.Deutschland\"]}]}<\/script>\n<!-- \/ Yoast SEO plugin. -->","yoast_head_json":{"title":"M\u00fcnchen - H.I.S. Germany DE","robots":{"index":"index","follow":"follow","max-snippet":"max-snippet:-1","max-image-preview":"max-image-preview:large","max-video-preview":"max-video-preview:-1"},"canonical":"https:\/\/www.his-germany.de\/de\/filialen\/muenchen\/","og_locale":"de_DE","og_type":"article","og_title":"M\u00fcnchen - H.I.S. Germany DE","og_description":"Bitte beachten Sie, dass unsere \u00d6ffnungszeiten insbesondere zwischen Feiertagen abweichen k\u00f6nnen. Alle aktuellen Informationen finden Sie\u00a0HIER. Adresse Leopoldstra\u00dfe 244, 80807 [&hellip;]","og_url":"https:\/\/www.his-germany.de\/de\/filialen\/muenchen\/","og_site_name":"H.I.S. Germany DE","article_publisher":"https:\/\/www.facebook.com\/HIS.Deutschland","article_modified_time":"2025-12-10T16:23:42+00:00","og_image":[{"width":936,"height":561,"url":"https:\/\/www.his-germany.de\/de\/wp-content\/uploads\/sites\/2\/2020\/06\/HIS_NoImage-3.jpg","type":"image\/jpeg"}],"twitter_card":"summary_large_image","twitter_misc":{"Gesch\u00e4tzte Lesezeit":"1\u00a0Minute"},"schema":{"@context":"https:\/\/schema.org","@graph":[{"@type":"WebPage","@id":"https:\/\/www.his-germany.de\/de\/filialen\/muenchen\/","url":"https:\/\/www.his-germany.de\/de\/filialen\/muenchen\/","name":"M\u00fcnchen - H.I.S. Germany DE","isPartOf":{"@id":"https:\/\/www.his-germany.de\/de\/#website"},"primaryImageOfPage":{"@id":"https:\/\/www.his-germany.de\/de\/filialen\/muenchen\/#primaryimage"},"image":{"@id":"https:\/\/www.his-germany.de\/de\/filialen\/muenchen\/#primaryimage"},"thumbnailUrl":"https:\/\/www.his-germany.de\/de\/wp-content\/uploads\/sites\/2\/2020\/06\/HIS_NoImage-3.jpg","datePublished":"2018-07-19T16:12:59+00:00","dateModified":"2025-12-10T16:23:42+00:00","breadcrumb":{"@id":"https:\/\/www.his-germany.de\/de\/filialen\/muenchen\/#breadcrumb"},"inLanguage":"de","potentialAction":[{"@type":"ReadAction","target":["https:\/\/www.his-germany.de\/de\/filialen\/muenchen\/"]}]},{"@type":"ImageObject","inLanguage":"de","@id":"https:\/\/www.his-germany.de\/de\/filialen\/muenchen\/#primaryimage","url":"https:\/\/www.his-germany.de\/de\/wp-content\/uploads\/sites\/2\/2020\/06\/HIS_NoImage-3.jpg","contentUrl":"https:\/\/www.his-germany.de\/de\/wp-content\/uploads\/sites\/2\/2020\/06\/HIS_NoImage-3.jpg","width":936,"height":561},{"@type":"BreadcrumbList","@id":"https:\/\/www.his-germany.de\/de\/filialen\/muenchen\/#breadcrumb","itemListElement":[{"@type":"ListItem","position":1,"name":"Startseite","item":"https:\/\/www.his-germany.de\/de\/"},{"@type":"ListItem","position":2,"name":"Unsere Filialen","item":"https:\/\/www.his-germany.de\/de\/filialen\/"},{"@type":"ListItem","position":3,"name":"M\u00fcnchen"}]},{"@type":"WebSite","@id":"https:\/\/www.his-germany.de\/de\/#website","url":"https:\/\/www.his-germany.de\/de\/","name":"H.I.S. Germany DE","description":"Reise nach Japan","publisher":{"@id":"https:\/\/www.his-germany.de\/de\/#organization"},"potentialAction":[{"@type":"SearchAction","target":{"@type":"EntryPoint","urlTemplate":"https:\/\/www.his-germany.de\/de\/?s={search_term_string}"},"query-input":"required name=search_term_string"}],"inLanguage":"de"},{"@type":"Organization","@id":"https:\/\/www.his-germany.de\/de\/#organization","name":"H.I.S. Deutschland Touristik GmbH","url":"https:\/\/www.his-germany.de\/de\/","logo":{"@type":"ImageObject","inLanguage":"de","@id":"https:\/\/www.his-germany.de\/de\/#\/schema\/logo\/image\/","url":"https:\/\/www.his-germany.de\/de\/wp-content\/uploads\/sites\/2\/2017\/04\/logo-panel.jpg","contentUrl":"https:\/\/www.his-germany.de\/de\/wp-content\/uploads\/sites\/2\/2017\/04\/logo-panel.jpg","width":936,"height":561,"caption":"H.I.S. Deutschland Touristik GmbH"},"image":{"@id":"https:\/\/www.his-germany.de\/de\/#\/schema\/logo\/image\/"},"sameAs":["https:\/\/www.facebook.com\/HIS.Deutschland"]}]}},"acf":[],"publishpress_future_action":{"enabled":false,"date":"2026-04-20 13:04:07","action":"change-status","newStatus":"draft","terms":[],"taxonomy":""},"_links":{"self":[{"href":"https:\/\/www.his-germany.de\/de\/wp-json\/wp\/v2\/pages\/1065"}],"collection":[{"href":"https:\/\/www.his-germany.de\/de\/wp-json\/wp\/v2\/pages"}],"about":[{"href":"https:\/\/www.his-germany.de\/de\/wp-json\/wp\/v2\/types\/page"}],"author":[{"embeddable":true,"href":"https:\/\/www.his-germany.de\/de\/wp-json\/wp\/v2\/users\/1"}],"replies":[{"embeddable":true,"href":"https:\/\/www.his-germany.de\/de\/wp-json\/wp\/v2\/comments?post=1065"}],"version-history":[{"count":67,"href":"https:\/\/www.his-germany.de\/de\/wp-json\/wp\/v2\/pages\/1065\/revisions"}],"predecessor-version":[{"id":9985,"href":"https:\/\/www.his-germany.de\/de\/wp-json\/wp\/v2\/pages\/1065\/revisions\/9985"}],"up":[{"embeddable":true,"href":"https:\/\/www.his-germany.de\/de\/wp-json\/wp\/v2\/pages\/989"}],"wp:featuredmedia":[{"embeddable":true,"href":"https:\/\/www.his-germany.de\/de\/wp-json\/wp\/v2\/media\/8850"}],"wp:attachment":[{"href":"https:\/\/www.his-germany.de\/de\/wp-json\/wp\/v2\/media?parent=1065"}],"curies":[{"name":"wp","href":"https:\/\/api.w.org\/{rel}","templated":true}]}}