{"id":1533,"date":"2018-08-07T12:51:41","date_gmt":"2018-08-07T10:51:41","guid":{"rendered":"http:\/\/cdn.his-germany.com\/?page_id=1533"},"modified":"2020-06-15T20:28:21","modified_gmt":"2020-06-15T18:28:21","slug":"geschaeftspartner","status":"publish","type":"page","link":"https:\/\/www.his-germany.de\/de\/geschaeftspartner\/","title":{"rendered":"Gesch\u00e4ftspartner"},"content":{"rendered":"<p><span style=\"color: #ff0000;\"><strong>Wir bieten auch anderen Reiseb\u00fcros unsere Produkte zu besonderen Konditionen an.<\/strong><\/span><\/p>\n<p>Wir sind Spezialisten f\u00fcr Japan-Reisen!<br \/>\nH.I.S. ist eines der gr\u00f6\u00dften japanischen Reiseunternehmen mit 296 Filialen in Japan und weltweit 237 B\u00fcros in 141 St\u00e4dten \/ 66 L\u00e4ndern. H.I.S. Deutschland Touristik GmbH wurde im Oktober 1990 gegr\u00fcndet und ist heute in Frankfurt, D\u00fcsseldorf, M\u00fcnchen und Berlin vertreten.<\/p>\n<p>F\u00fcr Bestellungen von Japan Rail P\u00e4ssen, die Aufstellung von Reiserouten in Japan und vielem mehr, was Sie f\u00fcr die Japan-Reise Ihrer Kunden ben\u00f6tigen, kontaktieren Sie uns sehr gerne. Wir bieten Ihnen einen r\u00fccksichtsvollen und sicheren Service an.<\/p>\n<p><strong>[Kontakt]<\/strong><br \/>\nE-Mail: media.germany@his-world.com<br \/>\nTelefon: 069 5600 510 \/ 0211 1759 900 \/ 089 5432 9900 \/ 030 2097 6787<\/p>\n<p><strong>[Gesch\u00e4ftszeiten]<\/strong><br \/>\nMontag bis Freitag von 9.00 \u2013 17.30 Uhr<br \/>\nGeschlossen: Sa., So. und an Feiertagen<\/p>\n<p><a class=\"btn btn-primary btn-lg btn-block bookingcontact\" href=\"\/de\/buchungsanfrage\/\">Kontakt<\/a><\/p>\n","protected":false},"excerpt":{"rendered":"<p>Wir bieten auch anderen Reiseb\u00fcros unsere Produkte zu besonderen Konditionen an. Wir sind Spezialisten f\u00fcr Japan-Reisen! H.I.S. ist eines der [&hellip;]<\/p>\n","protected":false},"author":3,"featured_media":8850,"parent":0,"menu_order":0,"comment_status":"closed","ping_status":"closed","template":"","meta":{"_acf_changed":false,"footnotes":""},"yoast_head":"<!-- This site is optimized with the Yoast SEO plugin v22.7 - https:\/\/yoast.com\/wordpress\/plugins\/seo\/ -->\n<title>Gesch\u00e4ftspartner - H.I.S. Germany DE<\/title>\n<meta name=\"robots\" content=\"index, follow, max-snippet:-1, max-image-preview:large, max-video-preview:-1\" \/>\n<link rel=\"canonical\" href=\"https:\/\/www.his-germany.de\/de\/geschaeftspartner\/\" \/>\n<meta property=\"og:locale\" content=\"de_DE\" \/>\n<meta property=\"og:type\" content=\"article\" \/>\n<meta property=\"og:title\" content=\"Gesch\u00e4ftspartner - H.I.S. Germany DE\" \/>\n<meta property=\"og:description\" content=\"Wir bieten auch anderen Reiseb\u00fcros unsere Produkte zu besonderen Konditionen an. Wir sind Spezialisten f\u00fcr Japan-Reisen! H.I.S. ist eines der [&hellip;]\" \/>\n<meta property=\"og:url\" content=\"https:\/\/www.his-germany.de\/de\/geschaeftspartner\/\" \/>\n<meta property=\"og:site_name\" content=\"H.I.S. Germany DE\" \/>\n<meta property=\"article:publisher\" content=\"https:\/\/www.facebook.com\/HIS.Deutschland\" \/>\n<meta property=\"article:modified_time\" content=\"2020-06-15T18:28:21+00:00\" \/>\n<meta property=\"og:image\" content=\"https:\/\/www.his-germany.de\/de\/wp-content\/uploads\/sites\/2\/2020\/06\/HIS_NoImage-3.jpg\" \/>\n\t<meta property=\"og:image:width\" content=\"936\" \/>\n\t<meta property=\"og:image:height\" content=\"561\" \/>\n\t<meta property=\"og:image:type\" content=\"image\/jpeg\" \/>\n<meta name=\"twitter:card\" content=\"summary_large_image\" \/>\n<meta name=\"twitter:label1\" content=\"Gesch\u00e4tzte Lesezeit\" \/>\n\t<meta name=\"twitter:data1\" content=\"1\u00a0Minute\" \/>\n<script type=\"application\/ld+json\" class=\"yoast-schema-graph\">{\"@context\":\"https:\/\/schema.org\",\"@graph\":[{\"@type\":\"WebPage\",\"@id\":\"https:\/\/www.his-germany.de\/de\/geschaeftspartner\/\",\"url\":\"https:\/\/www.his-germany.de\/de\/geschaeftspartner\/\",\"name\":\"Gesch\u00e4ftspartner - H.I.S. Germany DE\",\"isPartOf\":{\"@id\":\"https:\/\/www.his-germany.de\/de\/#website\"},\"primaryImageOfPage\":{\"@id\":\"https:\/\/www.his-germany.de\/de\/geschaeftspartner\/#primaryimage\"},\"image\":{\"@id\":\"https:\/\/www.his-germany.de\/de\/geschaeftspartner\/#primaryimage\"},\"thumbnailUrl\":\"https:\/\/www.his-germany.de\/de\/wp-content\/uploads\/sites\/2\/2020\/06\/HIS_NoImage-3.jpg\",\"datePublished\":\"2018-08-07T10:51:41+00:00\",\"dateModified\":\"2020-06-15T18:28:21+00:00\",\"breadcrumb\":{\"@id\":\"https:\/\/www.his-germany.de\/de\/geschaeftspartner\/#breadcrumb\"},\"inLanguage\":\"de\",\"potentialAction\":[{\"@type\":\"ReadAction\",\"target\":[\"https:\/\/www.his-germany.de\/de\/geschaeftspartner\/\"]}]},{\"@type\":\"ImageObject\",\"inLanguage\":\"de\",\"@id\":\"https:\/\/www.his-germany.de\/de\/geschaeftspartner\/#primaryimage\",\"url\":\"https:\/\/www.his-germany.de\/de\/wp-content\/uploads\/sites\/2\/2020\/06\/HIS_NoImage-3.jpg\",\"contentUrl\":\"https:\/\/www.his-germany.de\/de\/wp-content\/uploads\/sites\/2\/2020\/06\/HIS_NoImage-3.jpg\",\"width\":936,\"height\":561},{\"@type\":\"BreadcrumbList\",\"@id\":\"https:\/\/www.his-germany.de\/de\/geschaeftspartner\/#breadcrumb\",\"itemListElement\":[{\"@type\":\"ListItem\",\"position\":1,\"name\":\"Startseite\",\"item\":\"https:\/\/www.his-germany.de\/de\/\"},{\"@type\":\"ListItem\",\"position\":2,\"name\":\"Gesch\u00e4ftspartner\"}]},{\"@type\":\"WebSite\",\"@id\":\"https:\/\/www.his-germany.de\/de\/#website\",\"url\":\"https:\/\/www.his-germany.de\/de\/\",\"name\":\"H.I.S. Germany DE\",\"description\":\"Reise nach Japan\",\"publisher\":{\"@id\":\"https:\/\/www.his-germany.de\/de\/#organization\"},\"potentialAction\":[{\"@type\":\"SearchAction\",\"target\":{\"@type\":\"EntryPoint\",\"urlTemplate\":\"https:\/\/www.his-germany.de\/de\/?s={search_term_string}\"},\"query-input\":\"required name=search_term_string\"}],\"inLanguage\":\"de\"},{\"@type\":\"Organization\",\"@id\":\"https:\/\/www.his-germany.de\/de\/#organization\",\"name\":\"H.I.S. Deutschland Touristik GmbH\",\"url\":\"https:\/\/www.his-germany.de\/de\/\",\"logo\":{\"@type\":\"ImageObject\",\"inLanguage\":\"de\",\"@id\":\"https:\/\/www.his-germany.de\/de\/#\/schema\/logo\/image\/\",\"url\":\"https:\/\/www.his-germany.de\/de\/wp-content\/uploads\/sites\/2\/2017\/04\/logo-panel.jpg\",\"contentUrl\":\"https:\/\/www.his-germany.de\/de\/wp-content\/uploads\/sites\/2\/2017\/04\/logo-panel.jpg\",\"width\":936,\"height\":561,\"caption\":\"H.I.S. Deutschland Touristik GmbH\"},\"image\":{\"@id\":\"https:\/\/www.his-germany.de\/de\/#\/schema\/logo\/image\/\"},\"sameAs\":[\"https:\/\/www.facebook.com\/HIS.Deutschland\"]}]}<\/script>\n<!-- \/ Yoast SEO plugin. -->","yoast_head_json":{"title":"Gesch\u00e4ftspartner - H.I.S. Germany DE","robots":{"index":"index","follow":"follow","max-snippet":"max-snippet:-1","max-image-preview":"max-image-preview:large","max-video-preview":"max-video-preview:-1"},"canonical":"https:\/\/www.his-germany.de\/de\/geschaeftspartner\/","og_locale":"de_DE","og_type":"article","og_title":"Gesch\u00e4ftspartner - H.I.S. Germany DE","og_description":"Wir bieten auch anderen Reiseb\u00fcros unsere Produkte zu besonderen Konditionen an. Wir sind Spezialisten f\u00fcr Japan-Reisen! H.I.S. ist eines der [&hellip;]","og_url":"https:\/\/www.his-germany.de\/de\/geschaeftspartner\/","og_site_name":"H.I.S. Germany DE","article_publisher":"https:\/\/www.facebook.com\/HIS.Deutschland","article_modified_time":"2020-06-15T18:28:21+00:00","og_image":[{"width":936,"height":561,"url":"https:\/\/www.his-germany.de\/de\/wp-content\/uploads\/sites\/2\/2020\/06\/HIS_NoImage-3.jpg","type":"image\/jpeg"}],"twitter_card":"summary_large_image","twitter_misc":{"Gesch\u00e4tzte Lesezeit":"1\u00a0Minute"},"schema":{"@context":"https:\/\/schema.org","@graph":[{"@type":"WebPage","@id":"https:\/\/www.his-germany.de\/de\/geschaeftspartner\/","url":"https:\/\/www.his-germany.de\/de\/geschaeftspartner\/","name":"Gesch\u00e4ftspartner - H.I.S. Germany DE","isPartOf":{"@id":"https:\/\/www.his-germany.de\/de\/#website"},"primaryImageOfPage":{"@id":"https:\/\/www.his-germany.de\/de\/geschaeftspartner\/#primaryimage"},"image":{"@id":"https:\/\/www.his-germany.de\/de\/geschaeftspartner\/#primaryimage"},"thumbnailUrl":"https:\/\/www.his-germany.de\/de\/wp-content\/uploads\/sites\/2\/2020\/06\/HIS_NoImage-3.jpg","datePublished":"2018-08-07T10:51:41+00:00","dateModified":"2020-06-15T18:28:21+00:00","breadcrumb":{"@id":"https:\/\/www.his-germany.de\/de\/geschaeftspartner\/#breadcrumb"},"inLanguage":"de","potentialAction":[{"@type":"ReadAction","target":["https:\/\/www.his-germany.de\/de\/geschaeftspartner\/"]}]},{"@type":"ImageObject","inLanguage":"de","@id":"https:\/\/www.his-germany.de\/de\/geschaeftspartner\/#primaryimage","url":"https:\/\/www.his-germany.de\/de\/wp-content\/uploads\/sites\/2\/2020\/06\/HIS_NoImage-3.jpg","contentUrl":"https:\/\/www.his-germany.de\/de\/wp-content\/uploads\/sites\/2\/2020\/06\/HIS_NoImage-3.jpg","width":936,"height":561},{"@type":"BreadcrumbList","@id":"https:\/\/www.his-germany.de\/de\/geschaeftspartner\/#breadcrumb","itemListElement":[{"@type":"ListItem","position":1,"name":"Startseite","item":"https:\/\/www.his-germany.de\/de\/"},{"@type":"ListItem","position":2,"name":"Gesch\u00e4ftspartner"}]},{"@type":"WebSite","@id":"https:\/\/www.his-germany.de\/de\/#website","url":"https:\/\/www.his-germany.de\/de\/","name":"H.I.S. Germany DE","description":"Reise nach Japan","publisher":{"@id":"https:\/\/www.his-germany.de\/de\/#organization"},"potentialAction":[{"@type":"SearchAction","target":{"@type":"EntryPoint","urlTemplate":"https:\/\/www.his-germany.de\/de\/?s={search_term_string}"},"query-input":"required name=search_term_string"}],"inLanguage":"de"},{"@type":"Organization","@id":"https:\/\/www.his-germany.de\/de\/#organization","name":"H.I.S. Deutschland Touristik GmbH","url":"https:\/\/www.his-germany.de\/de\/","logo":{"@type":"ImageObject","inLanguage":"de","@id":"https:\/\/www.his-germany.de\/de\/#\/schema\/logo\/image\/","url":"https:\/\/www.his-germany.de\/de\/wp-content\/uploads\/sites\/2\/2017\/04\/logo-panel.jpg","contentUrl":"https:\/\/www.his-germany.de\/de\/wp-content\/uploads\/sites\/2\/2017\/04\/logo-panel.jpg","width":936,"height":561,"caption":"H.I.S. Deutschland Touristik GmbH"},"image":{"@id":"https:\/\/www.his-germany.de\/de\/#\/schema\/logo\/image\/"},"sameAs":["https:\/\/www.facebook.com\/HIS.Deutschland"]}]}},"acf":[],"publishpress_future_action":{"enabled":false,"date":"2026-04-25 14:34:53","action":"change-status","newStatus":"draft","terms":[],"taxonomy":""},"_links":{"self":[{"href":"https:\/\/www.his-germany.de\/de\/wp-json\/wp\/v2\/pages\/1533"}],"collection":[{"href":"https:\/\/www.his-germany.de\/de\/wp-json\/wp\/v2\/pages"}],"about":[{"href":"https:\/\/www.his-germany.de\/de\/wp-json\/wp\/v2\/types\/page"}],"author":[{"embeddable":true,"href":"https:\/\/www.his-germany.de\/de\/wp-json\/wp\/v2\/users\/3"}],"replies":[{"embeddable":true,"href":"https:\/\/www.his-germany.de\/de\/wp-json\/wp\/v2\/comments?post=1533"}],"version-history":[{"count":6,"href":"https:\/\/www.his-germany.de\/de\/wp-json\/wp\/v2\/pages\/1533\/revisions"}],"predecessor-version":[{"id":7146,"href":"https:\/\/www.his-germany.de\/de\/wp-json\/wp\/v2\/pages\/1533\/revisions\/7146"}],"wp:featuredmedia":[{"embeddable":true,"href":"https:\/\/www.his-germany.de\/de\/wp-json\/wp\/v2\/media\/8850"}],"wp:attachment":[{"href":"https:\/\/www.his-germany.de\/de\/wp-json\/wp\/v2\/media?parent=1533"}],"curies":[{"name":"wp","href":"https:\/\/api.w.org\/{rel}","templated":true}]}}