{"id":3261,"date":"2018-09-06T14:44:13","date_gmt":"2018-09-06T12:44:13","guid":{"rendered":"http:\/\/cdn.his-germany.com\/de\/?page_id=3261"},"modified":"2024-05-15T09:56:35","modified_gmt":"2024-05-15T07:56:35","slug":"buchungsanfrage","status":"publish","type":"page","link":"https:\/\/www.his-germany.de\/de\/buchungsanfrage\/","title":{"rendered":"Buchungsanfrage"},"content":{"rendered":"<p><span style=\"color: #0000ff;\"><strong>Vielen Dank f\u00fcr Ihr Interesse an unseren Produkten!!<\/strong><\/span><\/p>\n<p>Wir bem\u00fchen uns, Ihnen innerhalb von 24 Stunden telefonisch oder per Mail zu antworten. Je nach Inhalt Ihrer Anfrage kann es aber auch vorkommen, dass die Bearbeitung etwas l\u00e4nger braucht. In dringenden F\u00e4llen rufen Sie uns bitte an.<br \/>\nDanke f\u00fcr Ihre Geduld und Ihr Verst\u00e4ndnis.<\/p>\n<p><span style=\"text-decoration: underline;\">Bitte beachten Sie:<\/span><\/p>\n<p>Zur Zeit ist <span style=\"color: #ff0000;\"><span style=\"text-decoration: underline;\">keine<\/span> pers\u00f6nliche Reiseberatung oder Buchung f\u00fcr <strong>Individualreisende <\/strong><span style=\"color: #000000;\">m\u00f6glich.\u00a0Den\u00a0<span style=\"color: #0000ff;\"><strong>JR-Pass <\/strong>und<strong> SIM-Karten<\/strong><\/span> erhalten Sie jedoch weiterhin <span style=\"color: #0000ff;\">\u00fcber unseren <a href=\"https:\/\/shop.his-germany.de\/\"><strong>Online-Shop<\/strong><\/a><\/span>.\u00a0<\/span><\/span><\/p>\n<div><span style=\"font-family: georgia, palatino, serif; font-size: 12pt;\">&gt;&gt; Wenn Sie eine <span style=\"font-size: 14pt;\"><span style=\"color: #0000ff;\"><strong>Gruppenreise<\/strong> (mind. 10 Personen)<\/span> <span style=\"text-decoration: underline;\">veranstalten<\/span><\/span> m\u00f6chten, oder <span style=\"font-size: 14pt;\">als <strong><span style=\"color: #0000ff;\">Reiseagentur<\/span><\/strong><\/span> sonstige Leistungen f\u00fcr Reisen nach Japan ben\u00f6tigen, kontaktieren Sie uns gerne \u00fcber das folgende Anfrageformular. &lt;&lt;<\/span><\/div>\n<p><!-- nicht \u00e4ndern\uff1ader Seite funktioniert nicht mehr --><br \/>\n\n<div class=\"wpcf7 no-js\" id=\"wpcf7-f1092-o1\" lang=\"de-DE\" dir=\"ltr\">\n<div class=\"screen-reader-response\"><p role=\"status\" aria-live=\"polite\" aria-atomic=\"true\"><\/p> <ul><\/ul><\/div>\n<form action=\"\/de\/wp-json\/wp\/v2\/pages\/3261#wpcf7-f1092-o1\" method=\"post\" class=\"wpcf7-form init\" aria-label=\"Kontaktformular\" enctype=\"multipart\/form-data\" novalidate=\"novalidate\" data-status=\"init\">\n<div style=\"display: none;\">\n<input type=\"hidden\" name=\"_wpcf7\" value=\"1092\" \/>\n<input type=\"hidden\" name=\"_wpcf7_version\" value=\"5.9.4\" \/>\n<input type=\"hidden\" name=\"_wpcf7_locale\" value=\"de_DE_formal\" \/>\n<input type=\"hidden\" name=\"_wpcf7_unit_tag\" value=\"wpcf7-f1092-o1\" \/>\n<input type=\"hidden\" name=\"_wpcf7_container_post\" value=\"0\" \/>\n<input type=\"hidden\" name=\"_wpcf7_posted_data_hash\" value=\"\" \/>\n<\/div>\n<h5>Art der Anfrage (Pflichtfeld)\n<\/h5>\n<p><span class=\"wpcf7-form-control-wrap\" data-name=\"radio-anfragetyp\"><span class=\"wpcf7-form-control wpcf7-radio\"><span class=\"wpcf7-list-item first\"><input type=\"radio\" name=\"radio-anfragetyp\" value=\"Flug\" checked=\"checked\" \/><span class=\"wpcf7-list-item-label\">Flug<\/span><\/span><span class=\"wpcf7-list-item\"><input type=\"radio\" name=\"radio-anfragetyp\" value=\"Ausflug\" \/><span class=\"wpcf7-list-item-label\">Ausflug<\/span><\/span><span class=\"wpcf7-list-item\"><input type=\"radio\" name=\"radio-anfragetyp\" value=\"Tour\" \/><span class=\"wpcf7-list-item-label\">Tour<\/span><\/span><span class=\"wpcf7-list-item\"><input type=\"radio\" name=\"radio-anfragetyp\" value=\"Cruise\" \/><span class=\"wpcf7-list-item-label\">Cruise<\/span><\/span><span class=\"wpcf7-list-item\"><input type=\"radio\" name=\"radio-anfragetyp\" value=\"Hotel\" \/><span class=\"wpcf7-list-item-label\">Hotel<\/span><\/span><span class=\"wpcf7-list-item\"><input type=\"radio\" name=\"radio-anfragetyp\" value=\"Ticket\" \/><span class=\"wpcf7-list-item-label\">Ticket<\/span><\/span><span class=\"wpcf7-list-item\"><input type=\"radio\" name=\"radio-anfragetyp\" value=\"Japan Rail Pass\" \/><span class=\"wpcf7-list-item-label\">Japan Rail Pass<\/span><\/span><span class=\"wpcf7-list-item last\"><input type=\"radio\" name=\"radio-anfragetyp\" value=\"Sonstiges\" \/><span class=\"wpcf7-list-item-label\">Sonstiges<\/span><\/span><\/span><\/span>\n<\/p>\n<p><label>Ihr Vorname (Pflichtfeld)<br \/>\n<span class=\"wpcf7-form-control-wrap\" data-name=\"name-vorname\"><input size=\"40\" class=\"wpcf7-form-control wpcf7-text wpcf7-validates-as-required\" aria-required=\"true\" aria-invalid=\"false\" value=\"\" type=\"text\" name=\"name-vorname\" \/><\/span> <\/label>\n<\/p>\n<p><label>Ihr Nachname (Pflichtfeld)<br \/>\n<span class=\"wpcf7-form-control-wrap\" data-name=\"name-nachname\"><input size=\"40\" class=\"wpcf7-form-control wpcf7-text wpcf7-validates-as-required\" aria-required=\"true\" aria-invalid=\"false\" value=\"\" type=\"text\" name=\"name-nachname\" \/><\/span> <\/label>\n<\/p>\n<p><label>Ihre E-Mail-Adresse (Pflichtfeld)<br \/>\n<span class=\"wpcf7-form-control-wrap\" data-name=\"email-adresse\"><input size=\"40\" class=\"wpcf7-form-control wpcf7-email wpcf7-validates-as-required wpcf7-text wpcf7-validates-as-email\" aria-required=\"true\" aria-invalid=\"false\" value=\"\" type=\"email\" name=\"email-adresse\" \/><\/span> <\/label>\n<\/p>\n<p><label>Ihre E-Mail-Adresse best\u00e4tigen (Pflichtfeld)<br \/>\n<span class=\"wpcf7-form-control-wrap\" data-name=\"email-adresse2\"><input size=\"40\" class=\"wpcf7-form-control wpcf7-email wpcf7-validates-as-required wpcf7-text wpcf7-validates-as-email\" aria-required=\"true\" aria-invalid=\"false\" value=\"\" type=\"email\" name=\"email-adresse2\" \/><\/span> <\/label>\n<\/p>\n<p><label>Ihre Telefonnummer<br \/>\n<span class=\"wpcf7-form-control-wrap\" data-name=\"tel-telefonnummer\"><input size=\"40\" class=\"wpcf7-form-control wpcf7-tel wpcf7-text wpcf7-validates-as-tel\" aria-invalid=\"false\" value=\"\" type=\"tel\" name=\"tel-telefonnummer\" \/><\/span> <\/label>\n<\/p>\n<p><label>Betreff<br \/>\n<span class=\"wpcf7-form-control-wrap\" data-name=\"betreff-zeile\"><input size=\"40\" class=\"wpcf7-form-control wpcf7-text\" aria-invalid=\"false\" value=\"\" type=\"text\" name=\"betreff-zeile\" \/><\/span> <\/label>\n<\/p>\n<p><label>Ihre Nachricht<br \/>\n<span class=\"wpcf7-form-control-wrap\" data-name=\"nachricht-message\"><textarea cols=\"40\" rows=\"10\" class=\"wpcf7-form-control wpcf7-textarea\" aria-invalid=\"false\" placeholder=\"Inhalt der Anfrage\" name=\"nachricht-message\"><\/textarea><\/span><\/label>\n<\/p>\n<h5>Reisedaten und Personen\n<\/h5>\n<p><label>gew\u00fcnschter Abreisetag<br \/>\n<span class=\"wpcf7-form-control-wrap\" data-name=\"date-abreisetag\"><input class=\"wpcf7-form-control wpcf7-date wpcf7-validates-as-date\" aria-invalid=\"false\" value=\"\" type=\"date\" name=\"date-abreisetag\" \/><\/span><\/label>\n<\/p>\n<p><label>gew\u00fcnschte R\u00fcckreisetag<br \/>\n<span class=\"wpcf7-form-control-wrap\" data-name=\"date-rueckreisetag\"><input class=\"wpcf7-form-control wpcf7-date wpcf7-validates-as-date\" aria-invalid=\"false\" value=\"\" type=\"date\" name=\"date-rueckreisetag\" \/><\/span><\/label>\n<\/p>\n<p><label>Abfahrt \/ Abflug von<br \/>\n<span class=\"wpcf7-form-control-wrap\" data-name=\"text-abfahrt\"><input size=\"40\" class=\"wpcf7-form-control wpcf7-text\" aria-invalid=\"false\" value=\"\" type=\"text\" name=\"text-abfahrt\" \/><\/span> <\/label>\n<\/p>\n<p><label>Ankunftsort<br \/>\n<span class=\"wpcf7-form-control-wrap\" data-name=\"text-ankunftfahrt\"><input size=\"40\" class=\"wpcf7-form-control wpcf7-text\" aria-invalid=\"false\" value=\"\" type=\"text\" name=\"text-ankunftfahrt\" \/><\/span> <\/label>\n<\/p>\n<p><label>Anzahl der Passagiere (Erwachsene)<br \/>\n<span class=\"wpcf7-form-control-wrap\" data-name=\"menu-passagiere\"><select class=\"wpcf7-form-control wpcf7-select\" aria-invalid=\"false\" name=\"menu-passagiere\"><option value=\"0\">0<\/option><option value=\"1\">1<\/option><option value=\"2\">2<\/option><option value=\"3\">3<\/option><option value=\"4\">4<\/option><option value=\"5\">5<\/option><option value=\"6\">6<\/option><option value=\"7\">7<\/option><option value=\"8\">8<\/option><option value=\"9\">9<\/option><option value=\"10\">10<\/option><\/select><\/span><\/label>\n<\/p>\n<p><label>Angaben (Erwachsene)<br \/>\n<span class=\"wpcf7-form-control-wrap\" data-name=\"textarea-erwachsene\"><textarea cols=\"40\" rows=\"10\" class=\"wpcf7-form-control wpcf7-textarea\" aria-invalid=\"false\" placeholder=\"Name (wie im Reisepass),  Geburtsdatum,  Geschlecht usw.\" name=\"textarea-erwachsene\"><\/textarea><\/span><\/label>\n<\/p>\n<p><label>Anzahl der Passagiere (Kinder)<br \/>\n<span class=\"wpcf7-form-control-wrap\" data-name=\"menu-passagiere-kinder\"><select class=\"wpcf7-form-control wpcf7-select\" aria-invalid=\"false\" name=\"menu-passagiere-kinder\"><option value=\"0\">0<\/option><option value=\"1\">1<\/option><option value=\"2\">2<\/option><option value=\"3\">3<\/option><option value=\"4\">4<\/option><option value=\"5\">5<\/option><option value=\"6\">6<\/option><option value=\"7\">7<\/option><option value=\"8\">8<\/option><option value=\"9\">9<\/option><option value=\"10\">10<\/option><\/select><\/span><\/label>\n<\/p>\n<p><label>Angaben (Kinder)<br \/>\n<span class=\"wpcf7-form-control-wrap\" data-name=\"textarea-kinder\"><textarea cols=\"40\" rows=\"10\" class=\"wpcf7-form-control wpcf7-textarea\" aria-invalid=\"false\" placeholder=\"Name (wie im Reisepass),  Geburtsdatum,  Geschlecht usw.\" name=\"textarea-kinder\"><\/textarea><\/span><\/label>\n<\/p>\n<p><label>Anzahl der Passagiere (Kleinkinder)<br \/>\n<span class=\"wpcf7-form-control-wrap\" data-name=\"menu-passagiere-kleinkinder\"><select class=\"wpcf7-form-control wpcf7-select\" aria-invalid=\"false\" name=\"menu-passagiere-kleinkinder\"><option value=\"0\">0<\/option><option value=\"1\">1<\/option><option value=\"2\">2<\/option><option value=\"3\">3<\/option><option value=\"4\">4<\/option><option value=\"5\">5<\/option><option value=\"6\">6<\/option><option value=\"7\">7<\/option><option value=\"8\">8<\/option><option value=\"9\">9<\/option><option value=\"10\">10<\/option><\/select><\/span><\/label>\n<\/p>\n<p><label>Angaben (Kleinkinder)<br \/>\n<span class=\"wpcf7-form-control-wrap\" data-name=\"textarea-kleinkinder\"><textarea cols=\"40\" rows=\"10\" class=\"wpcf7-form-control wpcf7-textarea\" aria-invalid=\"false\" placeholder=\"Name (wie im Reisepass),  Geburtsdatum,  Geschlecht usw.\" name=\"textarea-kleinkinder\"><\/textarea><\/span><\/label>\n<\/p>\n<h5>Anschrift\n<\/h5>\n<p>Es besteht die M\u00f6glichkeit, dass wir Ihnen Informationen zu Ihrer Reise per Post zusenden, dazu ben\u00f6tigen wir bitte die folgenden Informationen:\n<\/p>\n<p><label>Name<br \/>\n<span class=\"wpcf7-form-control-wrap\" data-name=\"text-adressename\"><input size=\"40\" class=\"wpcf7-form-control wpcf7-text\" aria-invalid=\"false\" placeholder=\"Vorname Nachname\" value=\"\" type=\"text\" name=\"text-adressename\" \/><\/span><\/label>\n<\/p>\n<p><label>Firma<br \/>\n<span class=\"wpcf7-form-control-wrap\" data-name=\"text-adressefirma\"><input size=\"40\" class=\"wpcf7-form-control wpcf7-text\" aria-invalid=\"false\" value=\"\" type=\"text\" name=\"text-adressefirma\" \/><\/span><\/label>\n<\/p>\n<p><label>Adresszeile 1<br \/>\n<span class=\"wpcf7-form-control-wrap\" data-name=\"text-adresse1\"><input size=\"40\" class=\"wpcf7-form-control wpcf7-text\" aria-invalid=\"false\" placeholder=\"z.B. Frauenhoferstr. 32\" value=\"\" type=\"text\" name=\"text-adresse1\" \/><\/span><\/label>\n<\/p>\n<p><label>Adresszeile 2<br \/>\n<span class=\"wpcf7-form-control-wrap\" data-name=\"text-adresse2\"><input size=\"40\" class=\"wpcf7-form-control wpcf7-text\" aria-invalid=\"false\" placeholder=\"z.B. RGB oder z.Hd.v...\" value=\"\" type=\"text\" name=\"text-adresse2\" \/><\/span><\/label>\n<\/p>\n<p><label>PLZ<br \/>\n<span class=\"wpcf7-form-control-wrap\" data-name=\"text-adresseplz\"><input size=\"40\" class=\"wpcf7-form-control wpcf7-text\" aria-invalid=\"false\" placeholder=\"z.B. 80469\" value=\"\" type=\"text\" name=\"text-adresseplz\" \/><\/span><\/label>\n<\/p>\n<p><label>Ort<br \/>\n<span class=\"wpcf7-form-control-wrap\" data-name=\"text-adresseort\"><input size=\"40\" class=\"wpcf7-form-control wpcf7-text\" aria-invalid=\"false\" placeholder=\"z.B. M\u00fcnchen\" value=\"\" type=\"text\" name=\"text-adresseort\" \/><\/span><\/label>\n<\/p>\n<p><label>Land<br \/>\n<span class=\"wpcf7-form-control-wrap\" data-name=\"text-adresseland\"><input size=\"40\" class=\"wpcf7-form-control wpcf7-text\" aria-invalid=\"false\" placeholder=\"z.B. Deutschland\" value=\"\" type=\"text\" name=\"text-adresseland\" \/><\/span><\/label>\n<\/p>\n<p><label><strong>Dokument 1<\/strong><br \/>\nPDF \/ JPG Upload (max. 2,0MByte)<br \/>\n<span class=\"wpcf7-form-control-wrap\" data-name=\"file-jpjrpass\"><input size=\"40\" class=\"wpcf7-form-control wpcf7-file\" accept=\".pdf,.jpg\" aria-invalid=\"false\" type=\"file\" name=\"file-jpjrpass\" \/><\/span> <\/label>\n<\/p>\n<p><label><strong>Dokument 2<\/strong><br \/>\nPDF \/ JPG Upload (max. 2,0MByte)<br \/>\n<span class=\"wpcf7-form-control-wrap\" data-name=\"file-jpjrpass2\"><input size=\"40\" class=\"wpcf7-form-control wpcf7-file\" accept=\".pdf,.jpg\" aria-invalid=\"false\" type=\"file\" name=\"file-jpjrpass2\" \/><\/span> <\/label>\n<\/p>\n<p>[recaptcha]\n<\/p>\n<p><span class=\"wpcf7-form-control-wrap\" data-name=\"acceptance-665\"><span class=\"wpcf7-form-control wpcf7-acceptance\"><span class=\"wpcf7-list-item\"><label><input type=\"checkbox\" name=\"acceptance-665\" value=\"1\" aria-invalid=\"false\" \/><span class=\"wpcf7-list-item-label\">Ich habe die<a href=\"https:\/\/www.his-germany.de\/de\/agb\/\" target=\"_blank\" rel=\"noopener\"> AGB<\/a> und <a href=\"https:\/\/www.his-germany.de\/jp\/datenschutzerklaerung\/\" target=\"_blank\" rel=\"noopener\">Datenschutzerkl\u00e4rungen<\/a> gelesen und stimme zu. (Pflichtfeld)<\/span><\/label><\/span><\/span><\/span>\n<\/p>\n<p><input class=\"wpcf7-form-control wpcf7-submit has-spinner\" type=\"submit\" value=\"Senden\" \/>\n<\/p><div class=\"wpcf7-response-output\" aria-hidden=\"true\"><\/div>\n<\/form>\n<\/div>\n<br \/>\n<!-- nicht \u00e4ndern\uff1ader Seite funktioniert nicht mehr --><\/p>\n","protected":false},"excerpt":{"rendered":"<p>Vielen Dank f\u00fcr Ihr Interesse an unseren Produkten!! Wir bem\u00fchen uns, Ihnen innerhalb von 24 Stunden telefonisch oder per Mail [&hellip;]<\/p>\n","protected":false},"author":1,"featured_media":8850,"parent":0,"menu_order":0,"comment_status":"closed","ping_status":"closed","template":"","meta":{"_acf_changed":false,"footnotes":""},"yoast_head":"<!-- This site is optimized with the Yoast SEO plugin v22.7 - https:\/\/yoast.com\/wordpress\/plugins\/seo\/ -->\n<title>Buchungsanfrage - H.I.S. Germany DE<\/title>\n<meta name=\"description\" content=\"Vielen Dank f\u00fcr Ihr Interesse an unseren Produkten!! Wir bem\u00fchen uns, Ihnen innerhalb von 24 Stunden telefonisch oder per Mail zu antworten. Je nach Inhalt Ihrer Anfrage kann es aber auch vorkommen, dass die Bearbeitung etwas l\u00e4nger braucht. In dringenden F\u00e4llen rufen Sie uns bitte an.\" \/>\n<meta name=\"robots\" content=\"index, follow, max-snippet:-1, max-image-preview:large, max-video-preview:-1\" \/>\n<link rel=\"canonical\" href=\"https:\/\/www.his-germany.de\/de\/buchungsanfrage\/\" \/>\n<meta property=\"og:locale\" content=\"de_DE\" \/>\n<meta property=\"og:type\" content=\"article\" \/>\n<meta property=\"og:title\" content=\"Buchungsanfrage - H.I.S. Germany DE\" \/>\n<meta property=\"og:description\" content=\"Vielen Dank f\u00fcr Ihr Interesse an unseren Produkten!! Wir bem\u00fchen uns, Ihnen innerhalb von 24 Stunden telefonisch oder per Mail zu antworten. Je nach Inhalt Ihrer Anfrage kann es aber auch vorkommen, dass die Bearbeitung etwas l\u00e4nger braucht. In dringenden F\u00e4llen rufen Sie uns bitte an.\" \/>\n<meta property=\"og:url\" content=\"https:\/\/www.his-germany.de\/de\/buchungsanfrage\/\" \/>\n<meta property=\"og:site_name\" content=\"H.I.S. Germany DE\" \/>\n<meta property=\"article:publisher\" content=\"https:\/\/www.facebook.com\/HIS.Deutschland\" \/>\n<meta property=\"article:modified_time\" content=\"2024-05-15T07:56:35+00:00\" \/>\n<meta property=\"og:image\" content=\"https:\/\/www.his-germany.de\/de\/wp-content\/uploads\/sites\/2\/2020\/06\/HIS_NoImage-3.jpg\" \/>\n\t<meta property=\"og:image:width\" content=\"936\" \/>\n\t<meta property=\"og:image:height\" content=\"561\" \/>\n\t<meta property=\"og:image:type\" content=\"image\/jpeg\" \/>\n<meta name=\"twitter:card\" content=\"summary_large_image\" \/>\n<meta name=\"twitter:label1\" content=\"Gesch\u00e4tzte Lesezeit\" \/>\n\t<meta name=\"twitter:data1\" content=\"1\u00a0Minute\" \/>\n<script type=\"application\/ld+json\" class=\"yoast-schema-graph\">{\"@context\":\"https:\/\/schema.org\",\"@graph\":[{\"@type\":\"WebPage\",\"@id\":\"https:\/\/www.his-germany.de\/de\/buchungsanfrage\/\",\"url\":\"https:\/\/www.his-germany.de\/de\/buchungsanfrage\/\",\"name\":\"Buchungsanfrage - H.I.S. Germany DE\",\"isPartOf\":{\"@id\":\"https:\/\/www.his-germany.de\/de\/#website\"},\"primaryImageOfPage\":{\"@id\":\"https:\/\/www.his-germany.de\/de\/buchungsanfrage\/#primaryimage\"},\"image\":{\"@id\":\"https:\/\/www.his-germany.de\/de\/buchungsanfrage\/#primaryimage\"},\"thumbnailUrl\":\"https:\/\/www.his-germany.de\/de\/wp-content\/uploads\/sites\/2\/2020\/06\/HIS_NoImage-3.jpg\",\"datePublished\":\"2018-09-06T12:44:13+00:00\",\"dateModified\":\"2024-05-15T07:56:35+00:00\",\"description\":\"Vielen Dank f\u00fcr Ihr Interesse an unseren Produkten!! Wir bem\u00fchen uns, Ihnen innerhalb von 24 Stunden telefonisch oder per Mail zu antworten. Je nach Inhalt Ihrer Anfrage kann es aber auch vorkommen, dass die Bearbeitung etwas l\u00e4nger braucht. In dringenden F\u00e4llen rufen Sie uns bitte an.\",\"breadcrumb\":{\"@id\":\"https:\/\/www.his-germany.de\/de\/buchungsanfrage\/#breadcrumb\"},\"inLanguage\":\"de\",\"potentialAction\":[{\"@type\":\"ReadAction\",\"target\":[\"https:\/\/www.his-germany.de\/de\/buchungsanfrage\/\"]}]},{\"@type\":\"ImageObject\",\"inLanguage\":\"de\",\"@id\":\"https:\/\/www.his-germany.de\/de\/buchungsanfrage\/#primaryimage\",\"url\":\"https:\/\/www.his-germany.de\/de\/wp-content\/uploads\/sites\/2\/2020\/06\/HIS_NoImage-3.jpg\",\"contentUrl\":\"https:\/\/www.his-germany.de\/de\/wp-content\/uploads\/sites\/2\/2020\/06\/HIS_NoImage-3.jpg\",\"width\":936,\"height\":561},{\"@type\":\"BreadcrumbList\",\"@id\":\"https:\/\/www.his-germany.de\/de\/buchungsanfrage\/#breadcrumb\",\"itemListElement\":[{\"@type\":\"ListItem\",\"position\":1,\"name\":\"Startseite\",\"item\":\"https:\/\/www.his-germany.de\/de\/\"},{\"@type\":\"ListItem\",\"position\":2,\"name\":\"Buchungsanfrage\"}]},{\"@type\":\"WebSite\",\"@id\":\"https:\/\/www.his-germany.de\/de\/#website\",\"url\":\"https:\/\/www.his-germany.de\/de\/\",\"name\":\"H.I.S. Germany DE\",\"description\":\"Reise nach Japan\",\"publisher\":{\"@id\":\"https:\/\/www.his-germany.de\/de\/#organization\"},\"potentialAction\":[{\"@type\":\"SearchAction\",\"target\":{\"@type\":\"EntryPoint\",\"urlTemplate\":\"https:\/\/www.his-germany.de\/de\/?s={search_term_string}\"},\"query-input\":\"required name=search_term_string\"}],\"inLanguage\":\"de\"},{\"@type\":\"Organization\",\"@id\":\"https:\/\/www.his-germany.de\/de\/#organization\",\"name\":\"H.I.S. Deutschland Touristik GmbH\",\"url\":\"https:\/\/www.his-germany.de\/de\/\",\"logo\":{\"@type\":\"ImageObject\",\"inLanguage\":\"de\",\"@id\":\"https:\/\/www.his-germany.de\/de\/#\/schema\/logo\/image\/\",\"url\":\"https:\/\/www.his-germany.de\/de\/wp-content\/uploads\/sites\/2\/2017\/04\/logo-panel.jpg\",\"contentUrl\":\"https:\/\/www.his-germany.de\/de\/wp-content\/uploads\/sites\/2\/2017\/04\/logo-panel.jpg\",\"width\":936,\"height\":561,\"caption\":\"H.I.S. Deutschland Touristik GmbH\"},\"image\":{\"@id\":\"https:\/\/www.his-germany.de\/de\/#\/schema\/logo\/image\/\"},\"sameAs\":[\"https:\/\/www.facebook.com\/HIS.Deutschland\"]}]}<\/script>\n<!-- \/ Yoast SEO plugin. -->","yoast_head_json":{"title":"Buchungsanfrage - H.I.S. Germany DE","description":"Vielen Dank f\u00fcr Ihr Interesse an unseren Produkten!! Wir bem\u00fchen uns, Ihnen innerhalb von 24 Stunden telefonisch oder per Mail zu antworten. Je nach Inhalt Ihrer Anfrage kann es aber auch vorkommen, dass die Bearbeitung etwas l\u00e4nger braucht. In dringenden F\u00e4llen rufen Sie uns bitte an.","robots":{"index":"index","follow":"follow","max-snippet":"max-snippet:-1","max-image-preview":"max-image-preview:large","max-video-preview":"max-video-preview:-1"},"canonical":"https:\/\/www.his-germany.de\/de\/buchungsanfrage\/","og_locale":"de_DE","og_type":"article","og_title":"Buchungsanfrage - H.I.S. Germany DE","og_description":"Vielen Dank f\u00fcr Ihr Interesse an unseren Produkten!! Wir bem\u00fchen uns, Ihnen innerhalb von 24 Stunden telefonisch oder per Mail zu antworten. Je nach Inhalt Ihrer Anfrage kann es aber auch vorkommen, dass die Bearbeitung etwas l\u00e4nger braucht. In dringenden F\u00e4llen rufen Sie uns bitte an.","og_url":"https:\/\/www.his-germany.de\/de\/buchungsanfrage\/","og_site_name":"H.I.S. Germany DE","article_publisher":"https:\/\/www.facebook.com\/HIS.Deutschland","article_modified_time":"2024-05-15T07:56:35+00:00","og_image":[{"width":936,"height":561,"url":"https:\/\/www.his-germany.de\/de\/wp-content\/uploads\/sites\/2\/2020\/06\/HIS_NoImage-3.jpg","type":"image\/jpeg"}],"twitter_card":"summary_large_image","twitter_misc":{"Gesch\u00e4tzte Lesezeit":"1\u00a0Minute"},"schema":{"@context":"https:\/\/schema.org","@graph":[{"@type":"WebPage","@id":"https:\/\/www.his-germany.de\/de\/buchungsanfrage\/","url":"https:\/\/www.his-germany.de\/de\/buchungsanfrage\/","name":"Buchungsanfrage - H.I.S. Germany DE","isPartOf":{"@id":"https:\/\/www.his-germany.de\/de\/#website"},"primaryImageOfPage":{"@id":"https:\/\/www.his-germany.de\/de\/buchungsanfrage\/#primaryimage"},"image":{"@id":"https:\/\/www.his-germany.de\/de\/buchungsanfrage\/#primaryimage"},"thumbnailUrl":"https:\/\/www.his-germany.de\/de\/wp-content\/uploads\/sites\/2\/2020\/06\/HIS_NoImage-3.jpg","datePublished":"2018-09-06T12:44:13+00:00","dateModified":"2024-05-15T07:56:35+00:00","description":"Vielen Dank f\u00fcr Ihr Interesse an unseren Produkten!! Wir bem\u00fchen uns, Ihnen innerhalb von 24 Stunden telefonisch oder per Mail zu antworten. Je nach Inhalt Ihrer Anfrage kann es aber auch vorkommen, dass die Bearbeitung etwas l\u00e4nger braucht. In dringenden F\u00e4llen rufen Sie uns bitte an.","breadcrumb":{"@id":"https:\/\/www.his-germany.de\/de\/buchungsanfrage\/#breadcrumb"},"inLanguage":"de","potentialAction":[{"@type":"ReadAction","target":["https:\/\/www.his-germany.de\/de\/buchungsanfrage\/"]}]},{"@type":"ImageObject","inLanguage":"de","@id":"https:\/\/www.his-germany.de\/de\/buchungsanfrage\/#primaryimage","url":"https:\/\/www.his-germany.de\/de\/wp-content\/uploads\/sites\/2\/2020\/06\/HIS_NoImage-3.jpg","contentUrl":"https:\/\/www.his-germany.de\/de\/wp-content\/uploads\/sites\/2\/2020\/06\/HIS_NoImage-3.jpg","width":936,"height":561},{"@type":"BreadcrumbList","@id":"https:\/\/www.his-germany.de\/de\/buchungsanfrage\/#breadcrumb","itemListElement":[{"@type":"ListItem","position":1,"name":"Startseite","item":"https:\/\/www.his-germany.de\/de\/"},{"@type":"ListItem","position":2,"name":"Buchungsanfrage"}]},{"@type":"WebSite","@id":"https:\/\/www.his-germany.de\/de\/#website","url":"https:\/\/www.his-germany.de\/de\/","name":"H.I.S. Germany DE","description":"Reise nach Japan","publisher":{"@id":"https:\/\/www.his-germany.de\/de\/#organization"},"potentialAction":[{"@type":"SearchAction","target":{"@type":"EntryPoint","urlTemplate":"https:\/\/www.his-germany.de\/de\/?s={search_term_string}"},"query-input":"required name=search_term_string"}],"inLanguage":"de"},{"@type":"Organization","@id":"https:\/\/www.his-germany.de\/de\/#organization","name":"H.I.S. Deutschland Touristik GmbH","url":"https:\/\/www.his-germany.de\/de\/","logo":{"@type":"ImageObject","inLanguage":"de","@id":"https:\/\/www.his-germany.de\/de\/#\/schema\/logo\/image\/","url":"https:\/\/www.his-germany.de\/de\/wp-content\/uploads\/sites\/2\/2017\/04\/logo-panel.jpg","contentUrl":"https:\/\/www.his-germany.de\/de\/wp-content\/uploads\/sites\/2\/2017\/04\/logo-panel.jpg","width":936,"height":561,"caption":"H.I.S. Deutschland Touristik GmbH"},"image":{"@id":"https:\/\/www.his-germany.de\/de\/#\/schema\/logo\/image\/"},"sameAs":["https:\/\/www.facebook.com\/HIS.Deutschland"]}]}},"acf":[],"publishpress_future_action":{"enabled":false,"date":"2026-05-09 10:31:21","action":"change-status","newStatus":"draft","terms":[],"taxonomy":""},"_links":{"self":[{"href":"https:\/\/www.his-germany.de\/de\/wp-json\/wp\/v2\/pages\/3261"}],"collection":[{"href":"https:\/\/www.his-germany.de\/de\/wp-json\/wp\/v2\/pages"}],"about":[{"href":"https:\/\/www.his-germany.de\/de\/wp-json\/wp\/v2\/types\/page"}],"author":[{"embeddable":true,"href":"https:\/\/www.his-germany.de\/de\/wp-json\/wp\/v2\/users\/1"}],"replies":[{"embeddable":true,"href":"https:\/\/www.his-germany.de\/de\/wp-json\/wp\/v2\/comments?post=3261"}],"version-history":[{"count":19,"href":"https:\/\/www.his-germany.de\/de\/wp-json\/wp\/v2\/pages\/3261\/revisions"}],"predecessor-version":[{"id":9831,"href":"https:\/\/www.his-germany.de\/de\/wp-json\/wp\/v2\/pages\/3261\/revisions\/9831"}],"wp:featuredmedia":[{"embeddable":true,"href":"https:\/\/www.his-germany.de\/de\/wp-json\/wp\/v2\/media\/8850"}],"wp:attachment":[{"href":"https:\/\/www.his-germany.de\/de\/wp-json\/wp\/v2\/media?parent=3261"}],"curies":[{"name":"wp","href":"https:\/\/api.w.org\/{rel}","templated":true}]}}