{"id":6128,"date":"2019-02-12T14:37:02","date_gmt":"2019-02-12T13:37:02","guid":{"rendered":"https:\/\/www.his-germany.de\/de\/?page_id=6128"},"modified":"2019-08-29T19:03:46","modified_gmt":"2019-08-29T17:03:46","slug":"hotels","status":"publish","type":"page","link":"https:\/\/www.his-germany.de\/de\/hotels\/","title":{"rendered":"Hotels"},"content":{"rendered":"\n\t\t<style type=\"text\/css\">\n\t\t\t#gallery-1 {\n\t\t\t\tmargin: auto;\n\t\t\t}\n\t\t\t#gallery-1 .gallery-item {\n\t\t\t\tfloat: left;\n\t\t\t\tmargin-top: 10px;\n\t\t\t\ttext-align: center;\n\t\t\t\twidth: 33%;\n\t\t\t}\n\t\t\t#gallery-1 img {\n\t\t\t\tborder: 2px solid #cfcfcf;\n\t\t\t}\n\t\t\t#gallery-1 .gallery-caption {\n\t\t\t\tmargin-left: 0;\n\t\t\t}\n\t\t\t\/* see gallery_shortcode() in wp-includes\/media.php *\/\n\t\t<\/style>\n\t\t<div id='gallery-1' class='gallery galleryid-6128 gallery-columns-3 gallery-size-thumbnail'><dl class='gallery-item'>\n\t\t\t<dt class='gallery-icon landscape'>\n\t\t\t\t<a href='https:\/\/www.his-germany.de\/de\/wp-content\/uploads\/sites\/2\/2019\/02\/Hotels-und-Onsen-1.jpg'><img loading=\"lazy\" decoding=\"async\" width=\"315\" height=\"200\" src=\"https:\/\/www.his-germany.de\/de\/wp-content\/uploads\/sites\/2\/2019\/02\/Hotels-und-Onsen-1-315x200.jpg\" class=\"attachment-thumbnail size-thumbnail\" alt=\"\" \/><\/a>\n\t\t\t<\/dt><\/dl><dl class='gallery-item'>\n\t\t\t<dt class='gallery-icon portrait'>\n\t\t\t\t<a href='https:\/\/www.his-germany.de\/de\/wp-content\/uploads\/sites\/2\/2019\/02\/Hotels-und-Onsen-3.jpg'><img loading=\"lazy\" decoding=\"async\" width=\"315\" height=\"200\" src=\"https:\/\/www.his-germany.de\/de\/wp-content\/uploads\/sites\/2\/2019\/02\/Hotels-und-Onsen-3-315x200.jpg\" class=\"attachment-thumbnail size-thumbnail\" alt=\"\" \/><\/a>\n\t\t\t<\/dt><\/dl><dl class='gallery-item'>\n\t\t\t<dt class='gallery-icon landscape'>\n\t\t\t\t<a href='https:\/\/www.his-germany.de\/de\/wp-content\/uploads\/sites\/2\/2019\/02\/Hotels-und-Onsen-7.jpg'><img loading=\"lazy\" decoding=\"async\" width=\"315\" height=\"200\" src=\"https:\/\/www.his-germany.de\/de\/wp-content\/uploads\/sites\/2\/2019\/02\/Hotels-und-Onsen-7-315x200.jpg\" class=\"attachment-thumbnail size-thumbnail\" alt=\"\" \/><\/a>\n\t\t\t<\/dt><\/dl><br style=\"clear: both\" \/><dl class='gallery-item'>\n\t\t\t<dt class='gallery-icon landscape'>\n\t\t\t\t<a href='https:\/\/www.his-germany.de\/de\/wp-content\/uploads\/sites\/2\/2019\/02\/Hotels-und-Onsen-6.jpg'><img loading=\"lazy\" decoding=\"async\" width=\"315\" height=\"200\" src=\"https:\/\/www.his-germany.de\/de\/wp-content\/uploads\/sites\/2\/2019\/02\/Hotels-und-Onsen-6-315x200.jpg\" class=\"attachment-thumbnail size-thumbnail\" alt=\"\" \/><\/a>\n\t\t\t<\/dt><\/dl><dl class='gallery-item'>\n\t\t\t<dt class='gallery-icon landscape'>\n\t\t\t\t<a href='https:\/\/www.his-germany.de\/de\/wp-content\/uploads\/sites\/2\/2019\/02\/Hotels-und-Onsen-8.jpg'><img loading=\"lazy\" decoding=\"async\" width=\"315\" height=\"200\" src=\"https:\/\/www.his-germany.de\/de\/wp-content\/uploads\/sites\/2\/2019\/02\/Hotels-und-Onsen-8-315x200.jpg\" class=\"attachment-thumbnail size-thumbnail\" alt=\"\" \/><\/a>\n\t\t\t<\/dt><\/dl><dl class='gallery-item'>\n\t\t\t<dt class='gallery-icon landscape'>\n\t\t\t\t<a href='https:\/\/www.his-germany.de\/de\/wp-content\/uploads\/sites\/2\/2019\/02\/Hotels-und-Onsen-2.jpg'><img loading=\"lazy\" decoding=\"async\" width=\"315\" height=\"200\" src=\"https:\/\/www.his-germany.de\/de\/wp-content\/uploads\/sites\/2\/2019\/02\/Hotels-und-Onsen-2-315x200.jpg\" class=\"attachment-thumbnail size-thumbnail\" alt=\"\" \/><\/a>\n\t\t\t<\/dt><\/dl><br style=\"clear: both\" \/>\n\t\t<\/div>\n\n<p>Wer eine Reise nach Japan plant, kommt um die Suche nach dem passenden Hotel selten herum. Neben unz\u00e4hligen Hotelketten und privat betriebenen Hotels im westlichen Stil, m\u00f6chten wir Ihnen hier einige M\u00f6glichkeiten vorstellen, wie Sie in Japan auf die traditionelle Art \u00fcbernachten k\u00f6nnen. Verbinden Sie das Urlaubsfeeling mit tieferen Einblicken in die japanische Kultur!<\/p>\n<h3>Ryokan &#8211; \u65c5\u9928<\/h3>\n<p>Dem ein oder anderen werden Ryokan bereits ein Begriff sein. Die typisch japanischen Gasth\u00e4user sind \u00fcberall in Japan zu finden und sehr beliebt bei ausl\u00e4ndischen und auch japanischen Reisenden. Die schlichten Zimmer der Ryokan sind mit Tatami-Matten ausgelegt und man schl\u00e4ft auf Futons, die erst nach dem Abendessen aus dem Wandschr\u00e4nken geholt werden. Neben den typischen Schiebet\u00fcren gibt es zudem einen niedrigen Tisch mit St\u00fchlen oder traditionellen Sitzkissen. F\u00fcr Ihren gesamten Aufenthalt wird Ihnen ein Yukata, ein leichter Baumwollkimono, zur Verf\u00fcgung gestellt und zur Entspannung haben die meisten Ryokans ein Onsen &#8211; ein hei\u00dfen Quelle &#8211; zu bieten, wobei die Bader\u00e4ume nach Geschlechtern getrennt sind. Die \u00fcppigen Speisen bei einem Aufenthalt im Ryokan werden entweder auf dem Zimmer oder in einem separaten Raum serviert und bestehen in der Regel aus einem japanischen Men\u00fc mit Vorspeise und Hauptgang. Die Zutaten variieren je nach Saison. Sie umfassen unter anderem Gem\u00fcse, Fisch, Fleisch und Tofu und werden roh, gegart, frisch oder auch eingelegt zubereitet.<\/p>\n<h3>Shukubo &#8211; \u5bbf\u574a<\/h3>\n<p>Schlafen bei den M\u00f6nchen? Die M\u00f6glichkeit in einem Tempel zu n\u00e4chtigen erfreut sich immer gr\u00f6\u00dferer Beliebtheit. Die daf\u00fcr bekannteste Tempelanlage befindet sich in Koyasan in der Pr\u00e4fektur Wakayama. Hier \u00fcbernachten Sie ebenfalls in traditionellen, sehr minimalistisch eingerichteten Zimmern und sind zudem eingeladen, an den t\u00e4glichen, religi\u00f6sen Ritualen teilzunehmen, welche f\u00fcr viele den Charme der Shukubo ausmachen. Als Mahlzeit werden rein vegetarische Gerichte der sogenannten Shojin Ryori, der buddhistische vegetarische K\u00fcche, serviert. Das gemeinschaftliche Baden im Onsen geh\u00f6rt auch hier zur abendlichen Entspannung dazu. <\/p>\n<h3>Minschuku &#8211; \u6c11\u5bbf<\/h3>\n<p>Eine weitere M\u00f6glichkeit besteht darin in kleineren, familiengef\u00fchrten Pensionen &#8211; den Minshuku \u2013 zu \u00fcbernachten. Zu finden sind diese ebenfalls \u00fcberall in Japan. Besonders empfehlenswert sind Minshuku in Shirakawa-go und Gokayama, wo die Besucher in traditionellen Bauernh\u00e4usern n\u00e4chtigen k\u00f6nnen. Wie auch im Ryokan und Shukubo wird auf Futons geschlafen, welche erst zur Abendzeit ausgerollt werden, die Mahlzeiten sind hier jedoch nicht zwangsl\u00e4ufig im Preis enthalten. Die \u00dcbernachtung in einem Minshuku ist zudem meist weniger luxuri\u00f6s und preiswerter als im Ryokan und lohnt sich f\u00fcr alle, die das typisch japanische Familienleben in einer ungezwungenen Atmosph\u00e4re miterleben wollen. <\/p>\n","protected":false},"excerpt":{"rendered":"<p>Wer eine Reise nach Japan plant, kommt um die Suche nach dem passenden Hotel selten herum. Neben unz\u00e4hligen Hotelketten und [&hellip;]<\/p>\n","protected":false},"author":3,"featured_media":6119,"parent":0,"menu_order":0,"comment_status":"closed","ping_status":"closed","template":"","meta":{"_acf_changed":false,"footnotes":""},"yoast_head":"<!-- This site is optimized with the Yoast SEO plugin v22.7 - https:\/\/yoast.com\/wordpress\/plugins\/seo\/ -->\n<title>Hotels - H.I.S. Germany DE<\/title>\n<meta name=\"robots\" content=\"index, follow, max-snippet:-1, max-image-preview:large, max-video-preview:-1\" \/>\n<link rel=\"canonical\" href=\"https:\/\/www.his-germany.de\/de\/hotels\/\" \/>\n<meta property=\"og:locale\" content=\"de_DE\" \/>\n<meta property=\"og:type\" content=\"article\" \/>\n<meta property=\"og:title\" content=\"Hotels - H.I.S. Germany DE\" \/>\n<meta property=\"og:description\" content=\"Wer eine Reise nach Japan plant, kommt um die Suche nach dem passenden Hotel selten herum. Neben unz\u00e4hligen Hotelketten und [&hellip;]\" \/>\n<meta property=\"og:url\" content=\"https:\/\/www.his-germany.de\/de\/hotels\/\" \/>\n<meta property=\"og:site_name\" content=\"H.I.S. Germany DE\" \/>\n<meta property=\"article:publisher\" content=\"https:\/\/www.facebook.com\/HIS.Deutschland\" \/>\n<meta property=\"article:modified_time\" content=\"2019-08-29T17:03:46+00:00\" \/>\n<meta property=\"og:image\" content=\"https:\/\/www.his-germany.de\/de\/wp-content\/uploads\/sites\/2\/2019\/02\/Hotels-und-Onsen-4.jpg\" \/>\n\t<meta property=\"og:image:width\" content=\"800\" \/>\n\t<meta property=\"og:image:height\" content=\"533\" \/>\n\t<meta property=\"og:image:type\" content=\"image\/jpeg\" \/>\n<meta name=\"twitter:card\" content=\"summary_large_image\" \/>\n<meta name=\"twitter:label1\" content=\"Gesch\u00e4tzte Lesezeit\" \/>\n\t<meta name=\"twitter:data1\" content=\"2\u00a0Minuten\" \/>\n<script type=\"application\/ld+json\" class=\"yoast-schema-graph\">{\"@context\":\"https:\/\/schema.org\",\"@graph\":[{\"@type\":\"WebPage\",\"@id\":\"https:\/\/www.his-germany.de\/de\/hotels\/\",\"url\":\"https:\/\/www.his-germany.de\/de\/hotels\/\",\"name\":\"Hotels - H.I.S. Germany DE\",\"isPartOf\":{\"@id\":\"https:\/\/www.his-germany.de\/de\/#website\"},\"primaryImageOfPage\":{\"@id\":\"https:\/\/www.his-germany.de\/de\/hotels\/#primaryimage\"},\"image\":{\"@id\":\"https:\/\/www.his-germany.de\/de\/hotels\/#primaryimage\"},\"thumbnailUrl\":\"https:\/\/www.his-germany.de\/de\/wp-content\/uploads\/sites\/2\/2019\/02\/Hotels-und-Onsen-4.jpg\",\"datePublished\":\"2019-02-12T13:37:02+00:00\",\"dateModified\":\"2019-08-29T17:03:46+00:00\",\"breadcrumb\":{\"@id\":\"https:\/\/www.his-germany.de\/de\/hotels\/#breadcrumb\"},\"inLanguage\":\"de\",\"potentialAction\":[{\"@type\":\"ReadAction\",\"target\":[\"https:\/\/www.his-germany.de\/de\/hotels\/\"]}]},{\"@type\":\"ImageObject\",\"inLanguage\":\"de\",\"@id\":\"https:\/\/www.his-germany.de\/de\/hotels\/#primaryimage\",\"url\":\"https:\/\/www.his-germany.de\/de\/wp-content\/uploads\/sites\/2\/2019\/02\/Hotels-und-Onsen-4.jpg\",\"contentUrl\":\"https:\/\/www.his-germany.de\/de\/wp-content\/uploads\/sites\/2\/2019\/02\/Hotels-und-Onsen-4.jpg\",\"width\":800,\"height\":533},{\"@type\":\"BreadcrumbList\",\"@id\":\"https:\/\/www.his-germany.de\/de\/hotels\/#breadcrumb\",\"itemListElement\":[{\"@type\":\"ListItem\",\"position\":1,\"name\":\"Startseite\",\"item\":\"https:\/\/www.his-germany.de\/de\/\"},{\"@type\":\"ListItem\",\"position\":2,\"name\":\"Hotels\"}]},{\"@type\":\"WebSite\",\"@id\":\"https:\/\/www.his-germany.de\/de\/#website\",\"url\":\"https:\/\/www.his-germany.de\/de\/\",\"name\":\"H.I.S. Germany DE\",\"description\":\"Reise nach Japan\",\"publisher\":{\"@id\":\"https:\/\/www.his-germany.de\/de\/#organization\"},\"potentialAction\":[{\"@type\":\"SearchAction\",\"target\":{\"@type\":\"EntryPoint\",\"urlTemplate\":\"https:\/\/www.his-germany.de\/de\/?s={search_term_string}\"},\"query-input\":\"required name=search_term_string\"}],\"inLanguage\":\"de\"},{\"@type\":\"Organization\",\"@id\":\"https:\/\/www.his-germany.de\/de\/#organization\",\"name\":\"H.I.S. Deutschland Touristik GmbH\",\"url\":\"https:\/\/www.his-germany.de\/de\/\",\"logo\":{\"@type\":\"ImageObject\",\"inLanguage\":\"de\",\"@id\":\"https:\/\/www.his-germany.de\/de\/#\/schema\/logo\/image\/\",\"url\":\"https:\/\/www.his-germany.de\/de\/wp-content\/uploads\/sites\/2\/2017\/04\/logo-panel.jpg\",\"contentUrl\":\"https:\/\/www.his-germany.de\/de\/wp-content\/uploads\/sites\/2\/2017\/04\/logo-panel.jpg\",\"width\":936,\"height\":561,\"caption\":\"H.I.S. Deutschland Touristik GmbH\"},\"image\":{\"@id\":\"https:\/\/www.his-germany.de\/de\/#\/schema\/logo\/image\/\"},\"sameAs\":[\"https:\/\/www.facebook.com\/HIS.Deutschland\"]}]}<\/script>\n<!-- \/ Yoast SEO plugin. -->","yoast_head_json":{"title":"Hotels - H.I.S. Germany DE","robots":{"index":"index","follow":"follow","max-snippet":"max-snippet:-1","max-image-preview":"max-image-preview:large","max-video-preview":"max-video-preview:-1"},"canonical":"https:\/\/www.his-germany.de\/de\/hotels\/","og_locale":"de_DE","og_type":"article","og_title":"Hotels - H.I.S. Germany DE","og_description":"Wer eine Reise nach Japan plant, kommt um die Suche nach dem passenden Hotel selten herum. Neben unz\u00e4hligen Hotelketten und [&hellip;]","og_url":"https:\/\/www.his-germany.de\/de\/hotels\/","og_site_name":"H.I.S. Germany DE","article_publisher":"https:\/\/www.facebook.com\/HIS.Deutschland","article_modified_time":"2019-08-29T17:03:46+00:00","og_image":[{"width":800,"height":533,"url":"https:\/\/www.his-germany.de\/de\/wp-content\/uploads\/sites\/2\/2019\/02\/Hotels-und-Onsen-4.jpg","type":"image\/jpeg"}],"twitter_card":"summary_large_image","twitter_misc":{"Gesch\u00e4tzte Lesezeit":"2\u00a0Minuten"},"schema":{"@context":"https:\/\/schema.org","@graph":[{"@type":"WebPage","@id":"https:\/\/www.his-germany.de\/de\/hotels\/","url":"https:\/\/www.his-germany.de\/de\/hotels\/","name":"Hotels - H.I.S. Germany DE","isPartOf":{"@id":"https:\/\/www.his-germany.de\/de\/#website"},"primaryImageOfPage":{"@id":"https:\/\/www.his-germany.de\/de\/hotels\/#primaryimage"},"image":{"@id":"https:\/\/www.his-germany.de\/de\/hotels\/#primaryimage"},"thumbnailUrl":"https:\/\/www.his-germany.de\/de\/wp-content\/uploads\/sites\/2\/2019\/02\/Hotels-und-Onsen-4.jpg","datePublished":"2019-02-12T13:37:02+00:00","dateModified":"2019-08-29T17:03:46+00:00","breadcrumb":{"@id":"https:\/\/www.his-germany.de\/de\/hotels\/#breadcrumb"},"inLanguage":"de","potentialAction":[{"@type":"ReadAction","target":["https:\/\/www.his-germany.de\/de\/hotels\/"]}]},{"@type":"ImageObject","inLanguage":"de","@id":"https:\/\/www.his-germany.de\/de\/hotels\/#primaryimage","url":"https:\/\/www.his-germany.de\/de\/wp-content\/uploads\/sites\/2\/2019\/02\/Hotels-und-Onsen-4.jpg","contentUrl":"https:\/\/www.his-germany.de\/de\/wp-content\/uploads\/sites\/2\/2019\/02\/Hotels-und-Onsen-4.jpg","width":800,"height":533},{"@type":"BreadcrumbList","@id":"https:\/\/www.his-germany.de\/de\/hotels\/#breadcrumb","itemListElement":[{"@type":"ListItem","position":1,"name":"Startseite","item":"https:\/\/www.his-germany.de\/de\/"},{"@type":"ListItem","position":2,"name":"Hotels"}]},{"@type":"WebSite","@id":"https:\/\/www.his-germany.de\/de\/#website","url":"https:\/\/www.his-germany.de\/de\/","name":"H.I.S. Germany DE","description":"Reise nach Japan","publisher":{"@id":"https:\/\/www.his-germany.de\/de\/#organization"},"potentialAction":[{"@type":"SearchAction","target":{"@type":"EntryPoint","urlTemplate":"https:\/\/www.his-germany.de\/de\/?s={search_term_string}"},"query-input":"required name=search_term_string"}],"inLanguage":"de"},{"@type":"Organization","@id":"https:\/\/www.his-germany.de\/de\/#organization","name":"H.I.S. Deutschland Touristik GmbH","url":"https:\/\/www.his-germany.de\/de\/","logo":{"@type":"ImageObject","inLanguage":"de","@id":"https:\/\/www.his-germany.de\/de\/#\/schema\/logo\/image\/","url":"https:\/\/www.his-germany.de\/de\/wp-content\/uploads\/sites\/2\/2017\/04\/logo-panel.jpg","contentUrl":"https:\/\/www.his-germany.de\/de\/wp-content\/uploads\/sites\/2\/2017\/04\/logo-panel.jpg","width":936,"height":561,"caption":"H.I.S. Deutschland Touristik GmbH"},"image":{"@id":"https:\/\/www.his-germany.de\/de\/#\/schema\/logo\/image\/"},"sameAs":["https:\/\/www.facebook.com\/HIS.Deutschland"]}]}},"acf":[],"publishpress_future_action":{"enabled":false,"date":"2026-05-24 00:50:25","action":"change-status","newStatus":"draft","terms":[],"taxonomy":""},"_links":{"self":[{"href":"https:\/\/www.his-germany.de\/de\/wp-json\/wp\/v2\/pages\/6128"}],"collection":[{"href":"https:\/\/www.his-germany.de\/de\/wp-json\/wp\/v2\/pages"}],"about":[{"href":"https:\/\/www.his-germany.de\/de\/wp-json\/wp\/v2\/types\/page"}],"author":[{"embeddable":true,"href":"https:\/\/www.his-germany.de\/de\/wp-json\/wp\/v2\/users\/3"}],"replies":[{"embeddable":true,"href":"https:\/\/www.his-germany.de\/de\/wp-json\/wp\/v2\/comments?post=6128"}],"version-history":[{"count":7,"href":"https:\/\/www.his-germany.de\/de\/wp-json\/wp\/v2\/pages\/6128\/revisions"}],"predecessor-version":[{"id":7147,"href":"https:\/\/www.his-germany.de\/de\/wp-json\/wp\/v2\/pages\/6128\/revisions\/7147"}],"wp:featuredmedia":[{"embeddable":true,"href":"https:\/\/www.his-germany.de\/de\/wp-json\/wp\/v2\/media\/6119"}],"wp:attachment":[{"href":"https:\/\/www.his-germany.de\/de\/wp-json\/wp\/v2\/media?parent=6128"}],"curies":[{"name":"wp","href":"https:\/\/api.w.org\/{rel}","templated":true}]}}