{"id":7078,"date":"2025-12-09T14:00:32","date_gmt":"2025-12-09T13:00:32","guid":{"rendered":"https:\/\/www.his-germany.de\/de\/?page_id=7078"},"modified":"2025-12-10T17:08:56","modified_gmt":"2025-12-10T16:08:56","slug":"berlin","status":"publish","type":"page","link":"https:\/\/www.his-germany.de\/de\/filialen\/berlin\/","title":{"rendered":"Berlin"},"content":{"rendered":"<p><span style=\"font-family: georgia, palatino, serif\"><strong><span style=\"color: #ff0000\">Bitte beachten Sie, dass unsere \u00d6ffnungszeiten insbesondere zwischen Feiertagen abweichen k\u00f6nnen. <\/span><\/strong><\/span><\/p>\n<p><span style=\"font-family: georgia, palatino, serif\"><strong><span style=\"color: #ff0000\">Alle aktuellen Informationen finden Sie<\/span>\u00a0<a href=\"https:\/\/www.his-germany.de\/de\/2021\/03\/31\/geaenderte-geschaeftszeiten-2\/\">HIER<\/a>.<\/strong><\/span><\/p>\n<p>&nbsp;<\/p>\n<p><span style=\"font-size: 12pt;font-family: georgia, palatino, serif\"><strong>HIS JAPAN PREMIUM FOOD &amp; TRAVEL in BERLIN<\/strong><\/span><\/p>\n<p><span style=\"font-family: georgia, palatino, serif\">Was ist <a href=\"https:\/\/his-food-travel.com\/de\/\">HIS JAPAN PREMIUM FOOD &amp; TRAVEL<\/a>?<\/span><\/p>\n<p><span style=\"font-family: georgia, palatino, serif\">Seit 2021 entwickeln wir einen neuen Gesch\u00e4ftsbereich f\u00fcr den Verkauf japanischer Lebensmittel sowie der Werbung f\u00fcr lokale Kommunen.<\/span><\/p>\n<p><span style=\"font-family: georgia, palatino, serif\">Wir bieten mehr als 100 verschiedene Sorten Sake &#8211; genie\u00dfen Sie bei uns Sake aus ganz Japan!<\/span><\/p>\n<p>&nbsp;<\/p>\n<table style=\"width: 100%;border-collapse: collapse;border-color: #ffffff;background-color: #ffffff;height: 529px\" border=\"1\">\n<tbody>\n<tr style=\"height: 256px\">\n<td style=\"height: 256px\"><span style=\"font-family: georgia, palatino, serif\"><strong>Adresse:<\/strong><\/span><\/p>\n<p><span style=\"font-family: georgia, palatino, serif\">Leibnizstra\u00dfe 59, 10629 Berlin, Deutschland<\/span><\/p>\n<p><span style=\"font-family: georgia, palatino, serif\"><strong>Telefonnummer:<\/strong><\/span><\/p>\n<p><span style=\"font-family: georgia, palatino, serif\">030-2097-6787<\/span><\/p>\n<p><span style=\"font-family: georgia, palatino, serif\"><strong>\u00d6ffnungszeiten:<\/strong><\/span><\/p>\n<p><span style=\"font-family: georgia, palatino, serif\">Dienstags bis samstags von 11.00 \u2013 19.00 Uhr (Mo., So. und an Feiertagen: geschlossen)<\/span><\/td>\n<\/tr>\n<tr style=\"height: 273px\">\n<td style=\"height: 273px\" colspan=\"2\"><span style=\"font-family: georgia, palatino, serif\"><strong>Anbindung mit \u00f6ffentlichen Verkehrsmitteln:<\/strong><\/span><\/p>\n<p><span style=\"font-family: georgia, palatino, serif\">Vom Bahnhof Adenauerplatz (U7) den Kurf\u00fcrstendamm in Richtung Zoo laufen, am Olivaer Platz vor der Commerzbank links abbiegen und nach gut einer Minute Fu\u00dfweg erreichen Sie unsere Filiale.<\/span><\/p>\n<h3><span style=\"font-family: georgia, palatino, serif\">Bez\u00fcglich Reiseleistungen<\/span><\/h3>\n<p><span style=\"font-family: georgia, palatino, serif\">In unserer Niederlassung in Berlin nehmen wir derzeit keine Anfragen f\u00fcr Flugtickets, Hotelbuchungen oder Rundreisen an. Bitte schicken Sie Ihre Reise-Anfragen \u00fcber unser <a href=\"https:\/\/www.his-germany.de\/de\/buchungsanfrage\/\">Anfrageformular<\/a>. Aktuell verkaufen wir in Berlin<strong><a href=\"https:\/\/shop.his-germany.de\/collections\/zubehor\"> SIM-Karten<\/a> und <a href=\"https:\/\/shop.his-germany.de\/collections\/verkehrsmittel\/products\/manaca\" class=\"broken_link\">MANACA-Karten<\/a><\/strong>.<\/span><\/td>\n<\/tr>\n<\/tbody>\n<\/table>\n<h3><span style=\"font-family: georgia, palatino, serif\">Unsere Angebote<\/span><\/h3>\n<table class=\"table\">\n<tbody>\n<tr>\n<th style=\"text-align: center\"><span style=\"font-family: georgia, palatino, serif\">Flugtickets<\/span><\/th>\n<th style=\"text-align: center\"><span style=\"font-family: georgia, palatino, serif\">Ausfl\u00fcge<\/span><\/th>\n<th style=\"text-align: center\"><span style=\"font-family: georgia, palatino, serif\">Hotels<\/span><\/th>\n<th style=\"text-align: center\"><span style=\"font-family: georgia, palatino, serif\">Fl\u00fcge + Hotels<\/span><\/th>\n<\/tr>\n<tr>\n<td style=\"text-align: center\"><span style=\"font-family: georgia, palatino, serif\">\u2716<\/span><\/td>\n<td style=\"text-align: center\"><span style=\"font-family: georgia, palatino, serif\">\u2716<\/span><\/td>\n<td style=\"text-align: center\"><span style=\"font-family: georgia, palatino, serif\">\u2716<\/span><\/td>\n<td style=\"text-align: center\"><span style=\"font-family: georgia, palatino, serif\">\u2716<\/span><\/td>\n<\/tr>\n<tr>\n<th style=\"text-align: center\"><span style=\"font-family: georgia, palatino, serif\">JR P\u00e4sse, andere Railp\u00e4sse<\/span><\/th>\n<th style=\"text-align: center\"><span style=\"font-family: georgia, palatino, serif\">Tickets f\u00fcr Sport und Musik<\/span><\/th>\n<th style=\"text-align: center\"><span style=\"font-family: georgia, palatino, serif\">Privat- \/ Gruppentransfers<\/span><\/th>\n<th style=\"text-align: center\"><span style=\"font-family: georgia, palatino, serif\">Kreditkartenzahlung<\/span><\/th>\n<\/tr>\n<tr>\n<td style=\"text-align: center\"><span style=\"font-family: georgia, palatino, serif\">\u2716<\/span><\/td>\n<td style=\"text-align: center\"><span style=\"font-family: georgia, palatino, serif\">\u2716<\/span><\/td>\n<td style=\"text-align: center\"><span style=\"font-family: georgia, palatino, serif\">\u2716<\/span><\/td>\n<td style=\"text-align: center\"><span style=\"font-family: georgia, palatino, serif\">\u25cb<\/span><\/td>\n<\/tr>\n<\/tbody>\n<\/table>\n","protected":false},"excerpt":{"rendered":"<p>Bitte beachten Sie, dass unsere \u00d6ffnungszeiten insbesondere zwischen Feiertagen abweichen k\u00f6nnen. Alle aktuellen Informationen finden Sie\u00a0HIER. &nbsp; HIS JAPAN PREMIUM [&hellip;]<\/p>\n","protected":false},"author":3,"featured_media":8850,"parent":989,"menu_order":0,"comment_status":"closed","ping_status":"closed","template":"","meta":{"_acf_changed":false,"footnotes":""},"yoast_head":"<!-- This site is optimized with the Yoast SEO plugin v22.7 - https:\/\/yoast.com\/wordpress\/plugins\/seo\/ -->\n<title>Berlin - H.I.S. Germany DE<\/title>\n<meta name=\"robots\" content=\"index, follow, max-snippet:-1, max-image-preview:large, max-video-preview:-1\" \/>\n<link rel=\"canonical\" href=\"https:\/\/www.his-germany.de\/de\/filialen\/berlin\/\" \/>\n<meta property=\"og:locale\" content=\"de_DE\" \/>\n<meta property=\"og:type\" content=\"article\" \/>\n<meta property=\"og:title\" content=\"Berlin - H.I.S. Germany DE\" \/>\n<meta property=\"og:description\" content=\"Bitte beachten Sie, dass unsere \u00d6ffnungszeiten insbesondere zwischen Feiertagen abweichen k\u00f6nnen. Alle aktuellen Informationen finden Sie\u00a0HIER. &nbsp; HIS JAPAN PREMIUM [&hellip;]\" \/>\n<meta property=\"og:url\" content=\"https:\/\/www.his-germany.de\/de\/filialen\/berlin\/\" \/>\n<meta property=\"og:site_name\" content=\"H.I.S. Germany DE\" \/>\n<meta property=\"article:publisher\" content=\"https:\/\/www.facebook.com\/HIS.Deutschland\" \/>\n<meta property=\"article:modified_time\" content=\"2025-12-10T16:08:56+00:00\" \/>\n<meta property=\"og:image\" content=\"https:\/\/www.his-germany.de\/de\/wp-content\/uploads\/sites\/2\/2020\/06\/HIS_NoImage-3.jpg\" \/>\n\t<meta property=\"og:image:width\" content=\"936\" \/>\n\t<meta property=\"og:image:height\" content=\"561\" \/>\n\t<meta property=\"og:image:type\" content=\"image\/jpeg\" \/>\n<meta name=\"twitter:card\" content=\"summary_large_image\" \/>\n<meta name=\"twitter:label1\" content=\"Gesch\u00e4tzte Lesezeit\" \/>\n\t<meta name=\"twitter:data1\" content=\"2\u00a0Minuten\" \/>\n<script type=\"application\/ld+json\" class=\"yoast-schema-graph\">{\"@context\":\"https:\/\/schema.org\",\"@graph\":[{\"@type\":\"WebPage\",\"@id\":\"https:\/\/www.his-germany.de\/de\/filialen\/berlin\/\",\"url\":\"https:\/\/www.his-germany.de\/de\/filialen\/berlin\/\",\"name\":\"Berlin - H.I.S. Germany DE\",\"isPartOf\":{\"@id\":\"https:\/\/www.his-germany.de\/de\/#website\"},\"primaryImageOfPage\":{\"@id\":\"https:\/\/www.his-germany.de\/de\/filialen\/berlin\/#primaryimage\"},\"image\":{\"@id\":\"https:\/\/www.his-germany.de\/de\/filialen\/berlin\/#primaryimage\"},\"thumbnailUrl\":\"https:\/\/www.his-germany.de\/de\/wp-content\/uploads\/sites\/2\/2020\/06\/HIS_NoImage-3.jpg\",\"datePublished\":\"2025-12-09T13:00:32+00:00\",\"dateModified\":\"2025-12-10T16:08:56+00:00\",\"breadcrumb\":{\"@id\":\"https:\/\/www.his-germany.de\/de\/filialen\/berlin\/#breadcrumb\"},\"inLanguage\":\"de\",\"potentialAction\":[{\"@type\":\"ReadAction\",\"target\":[\"https:\/\/www.his-germany.de\/de\/filialen\/berlin\/\"]}]},{\"@type\":\"ImageObject\",\"inLanguage\":\"de\",\"@id\":\"https:\/\/www.his-germany.de\/de\/filialen\/berlin\/#primaryimage\",\"url\":\"https:\/\/www.his-germany.de\/de\/wp-content\/uploads\/sites\/2\/2020\/06\/HIS_NoImage-3.jpg\",\"contentUrl\":\"https:\/\/www.his-germany.de\/de\/wp-content\/uploads\/sites\/2\/2020\/06\/HIS_NoImage-3.jpg\",\"width\":936,\"height\":561},{\"@type\":\"BreadcrumbList\",\"@id\":\"https:\/\/www.his-germany.de\/de\/filialen\/berlin\/#breadcrumb\",\"itemListElement\":[{\"@type\":\"ListItem\",\"position\":1,\"name\":\"Startseite\",\"item\":\"https:\/\/www.his-germany.de\/de\/\"},{\"@type\":\"ListItem\",\"position\":2,\"name\":\"Unsere Filialen\",\"item\":\"https:\/\/www.his-germany.de\/de\/filialen\/\"},{\"@type\":\"ListItem\",\"position\":3,\"name\":\"Berlin\"}]},{\"@type\":\"WebSite\",\"@id\":\"https:\/\/www.his-germany.de\/de\/#website\",\"url\":\"https:\/\/www.his-germany.de\/de\/\",\"name\":\"H.I.S. Germany DE\",\"description\":\"Reise nach Japan\",\"publisher\":{\"@id\":\"https:\/\/www.his-germany.de\/de\/#organization\"},\"potentialAction\":[{\"@type\":\"SearchAction\",\"target\":{\"@type\":\"EntryPoint\",\"urlTemplate\":\"https:\/\/www.his-germany.de\/de\/?s={search_term_string}\"},\"query-input\":\"required name=search_term_string\"}],\"inLanguage\":\"de\"},{\"@type\":\"Organization\",\"@id\":\"https:\/\/www.his-germany.de\/de\/#organization\",\"name\":\"H.I.S. Deutschland Touristik GmbH\",\"url\":\"https:\/\/www.his-germany.de\/de\/\",\"logo\":{\"@type\":\"ImageObject\",\"inLanguage\":\"de\",\"@id\":\"https:\/\/www.his-germany.de\/de\/#\/schema\/logo\/image\/\",\"url\":\"https:\/\/www.his-germany.de\/de\/wp-content\/uploads\/sites\/2\/2017\/04\/logo-panel.jpg\",\"contentUrl\":\"https:\/\/www.his-germany.de\/de\/wp-content\/uploads\/sites\/2\/2017\/04\/logo-panel.jpg\",\"width\":936,\"height\":561,\"caption\":\"H.I.S. Deutschland Touristik GmbH\"},\"image\":{\"@id\":\"https:\/\/www.his-germany.de\/de\/#\/schema\/logo\/image\/\"},\"sameAs\":[\"https:\/\/www.facebook.com\/HIS.Deutschland\"]}]}<\/script>\n<!-- \/ Yoast SEO plugin. -->","yoast_head_json":{"title":"Berlin - H.I.S. Germany DE","robots":{"index":"index","follow":"follow","max-snippet":"max-snippet:-1","max-image-preview":"max-image-preview:large","max-video-preview":"max-video-preview:-1"},"canonical":"https:\/\/www.his-germany.de\/de\/filialen\/berlin\/","og_locale":"de_DE","og_type":"article","og_title":"Berlin - H.I.S. Germany DE","og_description":"Bitte beachten Sie, dass unsere \u00d6ffnungszeiten insbesondere zwischen Feiertagen abweichen k\u00f6nnen. Alle aktuellen Informationen finden Sie\u00a0HIER. &nbsp; HIS JAPAN PREMIUM [&hellip;]","og_url":"https:\/\/www.his-germany.de\/de\/filialen\/berlin\/","og_site_name":"H.I.S. Germany DE","article_publisher":"https:\/\/www.facebook.com\/HIS.Deutschland","article_modified_time":"2025-12-10T16:08:56+00:00","og_image":[{"width":936,"height":561,"url":"https:\/\/www.his-germany.de\/de\/wp-content\/uploads\/sites\/2\/2020\/06\/HIS_NoImage-3.jpg","type":"image\/jpeg"}],"twitter_card":"summary_large_image","twitter_misc":{"Gesch\u00e4tzte Lesezeit":"2\u00a0Minuten"},"schema":{"@context":"https:\/\/schema.org","@graph":[{"@type":"WebPage","@id":"https:\/\/www.his-germany.de\/de\/filialen\/berlin\/","url":"https:\/\/www.his-germany.de\/de\/filialen\/berlin\/","name":"Berlin - H.I.S. Germany DE","isPartOf":{"@id":"https:\/\/www.his-germany.de\/de\/#website"},"primaryImageOfPage":{"@id":"https:\/\/www.his-germany.de\/de\/filialen\/berlin\/#primaryimage"},"image":{"@id":"https:\/\/www.his-germany.de\/de\/filialen\/berlin\/#primaryimage"},"thumbnailUrl":"https:\/\/www.his-germany.de\/de\/wp-content\/uploads\/sites\/2\/2020\/06\/HIS_NoImage-3.jpg","datePublished":"2025-12-09T13:00:32+00:00","dateModified":"2025-12-10T16:08:56+00:00","breadcrumb":{"@id":"https:\/\/www.his-germany.de\/de\/filialen\/berlin\/#breadcrumb"},"inLanguage":"de","potentialAction":[{"@type":"ReadAction","target":["https:\/\/www.his-germany.de\/de\/filialen\/berlin\/"]}]},{"@type":"ImageObject","inLanguage":"de","@id":"https:\/\/www.his-germany.de\/de\/filialen\/berlin\/#primaryimage","url":"https:\/\/www.his-germany.de\/de\/wp-content\/uploads\/sites\/2\/2020\/06\/HIS_NoImage-3.jpg","contentUrl":"https:\/\/www.his-germany.de\/de\/wp-content\/uploads\/sites\/2\/2020\/06\/HIS_NoImage-3.jpg","width":936,"height":561},{"@type":"BreadcrumbList","@id":"https:\/\/www.his-germany.de\/de\/filialen\/berlin\/#breadcrumb","itemListElement":[{"@type":"ListItem","position":1,"name":"Startseite","item":"https:\/\/www.his-germany.de\/de\/"},{"@type":"ListItem","position":2,"name":"Unsere Filialen","item":"https:\/\/www.his-germany.de\/de\/filialen\/"},{"@type":"ListItem","position":3,"name":"Berlin"}]},{"@type":"WebSite","@id":"https:\/\/www.his-germany.de\/de\/#website","url":"https:\/\/www.his-germany.de\/de\/","name":"H.I.S. Germany DE","description":"Reise nach Japan","publisher":{"@id":"https:\/\/www.his-germany.de\/de\/#organization"},"potentialAction":[{"@type":"SearchAction","target":{"@type":"EntryPoint","urlTemplate":"https:\/\/www.his-germany.de\/de\/?s={search_term_string}"},"query-input":"required name=search_term_string"}],"inLanguage":"de"},{"@type":"Organization","@id":"https:\/\/www.his-germany.de\/de\/#organization","name":"H.I.S. Deutschland Touristik GmbH","url":"https:\/\/www.his-germany.de\/de\/","logo":{"@type":"ImageObject","inLanguage":"de","@id":"https:\/\/www.his-germany.de\/de\/#\/schema\/logo\/image\/","url":"https:\/\/www.his-germany.de\/de\/wp-content\/uploads\/sites\/2\/2017\/04\/logo-panel.jpg","contentUrl":"https:\/\/www.his-germany.de\/de\/wp-content\/uploads\/sites\/2\/2017\/04\/logo-panel.jpg","width":936,"height":561,"caption":"H.I.S. Deutschland Touristik GmbH"},"image":{"@id":"https:\/\/www.his-germany.de\/de\/#\/schema\/logo\/image\/"},"sameAs":["https:\/\/www.facebook.com\/HIS.Deutschland"]}]}},"acf":[],"publishpress_future_action":{"enabled":false,"date":"2026-04-20 13:03:48","action":"change-status","newStatus":"draft","terms":[],"taxonomy":""},"_links":{"self":[{"href":"https:\/\/www.his-germany.de\/de\/wp-json\/wp\/v2\/pages\/7078"}],"collection":[{"href":"https:\/\/www.his-germany.de\/de\/wp-json\/wp\/v2\/pages"}],"about":[{"href":"https:\/\/www.his-germany.de\/de\/wp-json\/wp\/v2\/types\/page"}],"author":[{"embeddable":true,"href":"https:\/\/www.his-germany.de\/de\/wp-json\/wp\/v2\/users\/3"}],"replies":[{"embeddable":true,"href":"https:\/\/www.his-germany.de\/de\/wp-json\/wp\/v2\/comments?post=7078"}],"version-history":[{"count":39,"href":"https:\/\/www.his-germany.de\/de\/wp-json\/wp\/v2\/pages\/7078\/revisions"}],"predecessor-version":[{"id":9981,"href":"https:\/\/www.his-germany.de\/de\/wp-json\/wp\/v2\/pages\/7078\/revisions\/9981"}],"up":[{"embeddable":true,"href":"https:\/\/www.his-germany.de\/de\/wp-json\/wp\/v2\/pages\/989"}],"wp:featuredmedia":[{"embeddable":true,"href":"https:\/\/www.his-germany.de\/de\/wp-json\/wp\/v2\/media\/8850"}],"wp:attachment":[{"href":"https:\/\/www.his-germany.de\/de\/wp-json\/wp\/v2\/media?parent=7078"}],"curies":[{"name":"wp","href":"https:\/\/api.w.org\/{rel}","templated":true}]}}