{"id":8676,"date":"2020-05-18T21:30:33","date_gmt":"2020-05-18T19:30:33","guid":{"rendered":"https:\/\/www.his-germany.de\/de\/?page_id=8676"},"modified":"2024-02-29T18:29:37","modified_gmt":"2024-02-29T17:29:37","slug":"erlaeuterung-zum-umgang-mit-personenbezogenen-informationen-bei-der-verteilung-von-e-mail-newslettern-mailmagazin","status":"publish","type":"page","link":"https:\/\/www.his-germany.de\/de\/erlaeuterung-zum-umgang-mit-personenbezogenen-informationen-bei-der-verteilung-von-e-mail-newslettern-mailmagazin\/","title":{"rendered":"Erl\u00e4uterung zum Umgang mit personenbezogenen Informationen bei der Verteilung von E-Mail-Newslettern (Mailmagazin)"},"content":{"rendered":"<p><strong>1\uff0eZweck der Verwendung personenbezogener Daten<\/strong><br \/>\nHIS Deutschland Touristik GmbH (im Folgenden als &#8222;HIS&#8220; bezeichnet) stellt die personenbezogenen Daten des Kunden zur Zustellung des E-Mail-Newsletters (Mailmagazin) zur Verf\u00fcgung. Wir werden die von Ihnen angegebenen pers\u00f6nlichen Daten drei Jahre lang aufbewahren. HIS ist eine Tochtergesellschaft der HIS Group, HIS Co., Ltd., und gibt diese Erkl\u00e4rung im Namen der Unternehmen der HIS Group heraus (im Folgenden als &#8222;mit uns verbundene Unternehmen&#8220; bezeichnet).<\/p>\n<p><strong>2\uff0eArten von personenbezogenen Informationen<\/strong><br \/>\nUm Ihnen den E-Mail-Newsletter zuzustellen, speichern wir Ihren Namen, Ihre E-Mail-Adresse und andere notwendige Informationen.<\/p>\n<p><strong>3\uff0eGrundlage f\u00fcr den Umgang mit personenbezogenen Daten<\/strong><br \/>\nHIS und die mit uns verbundenen Unternehmen verwenden Ihre personenbezogenen Daten auf Grundlage Ihrer Zustimmung.<\/p>\n<p><strong>4\uff0eDatenschutzbeauftragter<\/strong><br \/>\nUnser Datenschutzbeauftragter ist unter der E-Mail-Adresse gdpr-pj@his-world.com erreichbar.<\/p>\n<p><strong>5\uff0eWeitergabe Ihrer personenbezogenen Informationen<\/strong><br \/>\nHIS kann zur Verteilung von E-Mail-Newslettern (Mailmagazin) Ihre pers\u00f6nlichen Daten an Dritte mit uns verbundene Unternehmen oder E-Mail-Newsletter-Dienstleister weitergeben. Wenn wir den mit uns verbundenen Unternehmen Ihre pers\u00f6nlichen Daten bereitstellen, werden wir Ihre personenbezogenen Daten gem\u00e4\u00df dieser Erkl\u00e4rung, unseren Datenschutzbestimmungen und den damit verbundenen Gesetzen und Verordnungen zum Schutz personenbezogener Daten behandeln. In jedem Fall werden wir die erforderlichen Sicherheitsma\u00dfnahmen ergreifen, um die Sicherheit und Vertraulichkeit Ihrer pers\u00f6nlichen Daten zu gew\u00e4hrleisten. HIS und mit uns verbundene Unternehmen werden die von ihren Kunden erhaltenen personenbezogene Daten au\u00dfer zur Aussendung der E-Mail-Newsletter (Mailmagazin) nicht an Dritte weitergeben, au\u00dfer in folgenden F\u00e4llen:<br \/>\n1. Wenn die Zustimmung des Kundes vorliegt<br \/>\n2. Wenn ein berechtigter Grund f\u00fcr die Offenlegung vorliegt (Gerichtsbeschluss, gesetzliche Verpflichtung, usw.)<br \/>\nEinzelheiten zu mit uns verbundenen Unternehmen finden Sie auf dieser Webseite https:\/\/www.his.co.jp\/english\/about.html<\/p>\n<p><strong>6\uff0eSicherheitsma\u00dfnahmen zum Schutz personenbezogener Daten<\/strong><br \/>\nHIS und mit uns verbundene Unternehmen ergreifen aus technischer und organisatorischer Sicht geeignete Sicherheitsma\u00dfnahmen, um den Verlust, die Besch\u00e4digung und den unberechtigten Zugriff auf personenbezogene Daten zu verhindern. Wenn auf personenbezogene Daten unberechtigt zugegriffen wurde, diese verloren gehen oder besch\u00e4digt wurden, werden wir unverz\u00fcglich die zust\u00e4ndige Aufsichtsbeh\u00f6rde benachrichtigen und den Kunden \u00fcber die betroffenen Daten und den entstandenen Schaden informieren. Es werden Wiederherstellungs- und Korrekturma\u00dfnahmen ergriffen.<\/p>\n<p><strong>7\uff0eAnspr\u00fcche in Bezug auf den Umgang mit personenbezogenen Daten<\/strong><br \/>\nHIS und mit uns verbundene Unternehmen werden Anfragen hinsichtlich Zugriffs-, Korrektur-, Beschr\u00e4nkungs- und Widerspruchsrechten, Rechten zur Daten\u00fcbertragbarkeit und Rechten zum Vergessen von personenbezogenen Kundendaten unverz\u00fcglich behandeln.<br \/>\nWeitergehende Informationen zum Datenschutz bei HIS finden Sie auf unserer Seite \u00fcber <a href=\"https:\/\/www.his-germany.de\/de\/datenschutzerklaerung\/\" target=\"_blank\" rel=\"noopener noreferrer\">Datenschutzbestimmungen<\/a>.<\/p>\n<p>H.I.S. Deutschland Touristik GmbH<br \/>\nStephanstr. 5<br \/>\n60313 Frankfurt am Main<\/p>\n","protected":false},"excerpt":{"rendered":"<p>1\uff0eZweck der Verwendung personenbezogener Daten HIS Deutschland Touristik GmbH (im Folgenden als &#8222;HIS&#8220; bezeichnet) stellt die personenbezogenen Daten des Kunden [&hellip;]<\/p>\n","protected":false},"author":3,"featured_media":8850,"parent":0,"menu_order":0,"comment_status":"closed","ping_status":"closed","template":"","meta":{"_acf_changed":false,"footnotes":""},"yoast_head":"<!-- This site is optimized with the Yoast SEO plugin v22.7 - https:\/\/yoast.com\/wordpress\/plugins\/seo\/ -->\n<title>Erl\u00e4uterung zum Umgang mit personenbezogenen Informationen bei der Verteilung von E-Mail-Newslettern (Mailmagazin) - H.I.S. Germany DE<\/title>\n<meta name=\"robots\" content=\"index, follow, max-snippet:-1, max-image-preview:large, max-video-preview:-1\" \/>\n<link rel=\"canonical\" href=\"https:\/\/www.his-germany.de\/de\/erlaeuterung-zum-umgang-mit-personenbezogenen-informationen-bei-der-verteilung-von-e-mail-newslettern-mailmagazin\/\" \/>\n<meta property=\"og:locale\" content=\"de_DE\" \/>\n<meta property=\"og:type\" content=\"article\" \/>\n<meta property=\"og:title\" content=\"Erl\u00e4uterung zum Umgang mit personenbezogenen Informationen bei der Verteilung von E-Mail-Newslettern (Mailmagazin) - H.I.S. Germany DE\" \/>\n<meta property=\"og:description\" content=\"1\uff0eZweck der Verwendung personenbezogener Daten HIS Deutschland Touristik GmbH (im Folgenden als &#8222;HIS&#8220; bezeichnet) stellt die personenbezogenen Daten des Kunden [&hellip;]\" \/>\n<meta property=\"og:url\" content=\"https:\/\/www.his-germany.de\/de\/erlaeuterung-zum-umgang-mit-personenbezogenen-informationen-bei-der-verteilung-von-e-mail-newslettern-mailmagazin\/\" \/>\n<meta property=\"og:site_name\" content=\"H.I.S. Germany DE\" \/>\n<meta property=\"article:publisher\" content=\"https:\/\/www.facebook.com\/HIS.Deutschland\" \/>\n<meta property=\"article:modified_time\" content=\"2024-02-29T17:29:37+00:00\" \/>\n<meta property=\"og:image\" content=\"https:\/\/www.his-germany.de\/de\/wp-content\/uploads\/sites\/2\/2020\/06\/HIS_NoImage-3.jpg\" \/>\n\t<meta property=\"og:image:width\" content=\"936\" \/>\n\t<meta property=\"og:image:height\" content=\"561\" \/>\n\t<meta property=\"og:image:type\" content=\"image\/jpeg\" \/>\n<meta name=\"twitter:card\" content=\"summary_large_image\" \/>\n<meta name=\"twitter:label1\" content=\"Gesch\u00e4tzte Lesezeit\" \/>\n\t<meta name=\"twitter:data1\" content=\"3\u00a0Minuten\" \/>\n<script type=\"application\/ld+json\" class=\"yoast-schema-graph\">{\"@context\":\"https:\/\/schema.org\",\"@graph\":[{\"@type\":\"WebPage\",\"@id\":\"https:\/\/www.his-germany.de\/de\/erlaeuterung-zum-umgang-mit-personenbezogenen-informationen-bei-der-verteilung-von-e-mail-newslettern-mailmagazin\/\",\"url\":\"https:\/\/www.his-germany.de\/de\/erlaeuterung-zum-umgang-mit-personenbezogenen-informationen-bei-der-verteilung-von-e-mail-newslettern-mailmagazin\/\",\"name\":\"Erl\u00e4uterung zum Umgang mit personenbezogenen Informationen bei der Verteilung von E-Mail-Newslettern (Mailmagazin) - H.I.S. Germany DE\",\"isPartOf\":{\"@id\":\"https:\/\/www.his-germany.de\/de\/#website\"},\"primaryImageOfPage\":{\"@id\":\"https:\/\/www.his-germany.de\/de\/erlaeuterung-zum-umgang-mit-personenbezogenen-informationen-bei-der-verteilung-von-e-mail-newslettern-mailmagazin\/#primaryimage\"},\"image\":{\"@id\":\"https:\/\/www.his-germany.de\/de\/erlaeuterung-zum-umgang-mit-personenbezogenen-informationen-bei-der-verteilung-von-e-mail-newslettern-mailmagazin\/#primaryimage\"},\"thumbnailUrl\":\"https:\/\/www.his-germany.de\/de\/wp-content\/uploads\/sites\/2\/2020\/06\/HIS_NoImage-3.jpg\",\"datePublished\":\"2020-05-18T19:30:33+00:00\",\"dateModified\":\"2024-02-29T17:29:37+00:00\",\"breadcrumb\":{\"@id\":\"https:\/\/www.his-germany.de\/de\/erlaeuterung-zum-umgang-mit-personenbezogenen-informationen-bei-der-verteilung-von-e-mail-newslettern-mailmagazin\/#breadcrumb\"},\"inLanguage\":\"de\",\"potentialAction\":[{\"@type\":\"ReadAction\",\"target\":[\"https:\/\/www.his-germany.de\/de\/erlaeuterung-zum-umgang-mit-personenbezogenen-informationen-bei-der-verteilung-von-e-mail-newslettern-mailmagazin\/\"]}]},{\"@type\":\"ImageObject\",\"inLanguage\":\"de\",\"@id\":\"https:\/\/www.his-germany.de\/de\/erlaeuterung-zum-umgang-mit-personenbezogenen-informationen-bei-der-verteilung-von-e-mail-newslettern-mailmagazin\/#primaryimage\",\"url\":\"https:\/\/www.his-germany.de\/de\/wp-content\/uploads\/sites\/2\/2020\/06\/HIS_NoImage-3.jpg\",\"contentUrl\":\"https:\/\/www.his-germany.de\/de\/wp-content\/uploads\/sites\/2\/2020\/06\/HIS_NoImage-3.jpg\",\"width\":936,\"height\":561},{\"@type\":\"BreadcrumbList\",\"@id\":\"https:\/\/www.his-germany.de\/de\/erlaeuterung-zum-umgang-mit-personenbezogenen-informationen-bei-der-verteilung-von-e-mail-newslettern-mailmagazin\/#breadcrumb\",\"itemListElement\":[{\"@type\":\"ListItem\",\"position\":1,\"name\":\"Startseite\",\"item\":\"https:\/\/www.his-germany.de\/de\/\"},{\"@type\":\"ListItem\",\"position\":2,\"name\":\"Erl\u00e4uterung zum Umgang mit personenbezogenen Informationen bei der Verteilung von E-Mail-Newslettern (Mailmagazin)\"}]},{\"@type\":\"WebSite\",\"@id\":\"https:\/\/www.his-germany.de\/de\/#website\",\"url\":\"https:\/\/www.his-germany.de\/de\/\",\"name\":\"H.I.S. Germany DE\",\"description\":\"Reise nach Japan\",\"publisher\":{\"@id\":\"https:\/\/www.his-germany.de\/de\/#organization\"},\"potentialAction\":[{\"@type\":\"SearchAction\",\"target\":{\"@type\":\"EntryPoint\",\"urlTemplate\":\"https:\/\/www.his-germany.de\/de\/?s={search_term_string}\"},\"query-input\":\"required name=search_term_string\"}],\"inLanguage\":\"de\"},{\"@type\":\"Organization\",\"@id\":\"https:\/\/www.his-germany.de\/de\/#organization\",\"name\":\"H.I.S. Deutschland Touristik GmbH\",\"url\":\"https:\/\/www.his-germany.de\/de\/\",\"logo\":{\"@type\":\"ImageObject\",\"inLanguage\":\"de\",\"@id\":\"https:\/\/www.his-germany.de\/de\/#\/schema\/logo\/image\/\",\"url\":\"https:\/\/www.his-germany.de\/de\/wp-content\/uploads\/sites\/2\/2017\/04\/logo-panel.jpg\",\"contentUrl\":\"https:\/\/www.his-germany.de\/de\/wp-content\/uploads\/sites\/2\/2017\/04\/logo-panel.jpg\",\"width\":936,\"height\":561,\"caption\":\"H.I.S. Deutschland Touristik GmbH\"},\"image\":{\"@id\":\"https:\/\/www.his-germany.de\/de\/#\/schema\/logo\/image\/\"},\"sameAs\":[\"https:\/\/www.facebook.com\/HIS.Deutschland\"]}]}<\/script>\n<!-- \/ Yoast SEO plugin. -->","yoast_head_json":{"title":"Erl\u00e4uterung zum Umgang mit personenbezogenen Informationen bei der Verteilung von E-Mail-Newslettern (Mailmagazin) - H.I.S. Germany DE","robots":{"index":"index","follow":"follow","max-snippet":"max-snippet:-1","max-image-preview":"max-image-preview:large","max-video-preview":"max-video-preview:-1"},"canonical":"https:\/\/www.his-germany.de\/de\/erlaeuterung-zum-umgang-mit-personenbezogenen-informationen-bei-der-verteilung-von-e-mail-newslettern-mailmagazin\/","og_locale":"de_DE","og_type":"article","og_title":"Erl\u00e4uterung zum Umgang mit personenbezogenen Informationen bei der Verteilung von E-Mail-Newslettern (Mailmagazin) - H.I.S. Germany DE","og_description":"1\uff0eZweck der Verwendung personenbezogener Daten HIS Deutschland Touristik GmbH (im Folgenden als &#8222;HIS&#8220; bezeichnet) stellt die personenbezogenen Daten des Kunden [&hellip;]","og_url":"https:\/\/www.his-germany.de\/de\/erlaeuterung-zum-umgang-mit-personenbezogenen-informationen-bei-der-verteilung-von-e-mail-newslettern-mailmagazin\/","og_site_name":"H.I.S. Germany DE","article_publisher":"https:\/\/www.facebook.com\/HIS.Deutschland","article_modified_time":"2024-02-29T17:29:37+00:00","og_image":[{"width":936,"height":561,"url":"https:\/\/www.his-germany.de\/de\/wp-content\/uploads\/sites\/2\/2020\/06\/HIS_NoImage-3.jpg","type":"image\/jpeg"}],"twitter_card":"summary_large_image","twitter_misc":{"Gesch\u00e4tzte Lesezeit":"3\u00a0Minuten"},"schema":{"@context":"https:\/\/schema.org","@graph":[{"@type":"WebPage","@id":"https:\/\/www.his-germany.de\/de\/erlaeuterung-zum-umgang-mit-personenbezogenen-informationen-bei-der-verteilung-von-e-mail-newslettern-mailmagazin\/","url":"https:\/\/www.his-germany.de\/de\/erlaeuterung-zum-umgang-mit-personenbezogenen-informationen-bei-der-verteilung-von-e-mail-newslettern-mailmagazin\/","name":"Erl\u00e4uterung zum Umgang mit personenbezogenen Informationen bei der Verteilung von E-Mail-Newslettern (Mailmagazin) - H.I.S. Germany DE","isPartOf":{"@id":"https:\/\/www.his-germany.de\/de\/#website"},"primaryImageOfPage":{"@id":"https:\/\/www.his-germany.de\/de\/erlaeuterung-zum-umgang-mit-personenbezogenen-informationen-bei-der-verteilung-von-e-mail-newslettern-mailmagazin\/#primaryimage"},"image":{"@id":"https:\/\/www.his-germany.de\/de\/erlaeuterung-zum-umgang-mit-personenbezogenen-informationen-bei-der-verteilung-von-e-mail-newslettern-mailmagazin\/#primaryimage"},"thumbnailUrl":"https:\/\/www.his-germany.de\/de\/wp-content\/uploads\/sites\/2\/2020\/06\/HIS_NoImage-3.jpg","datePublished":"2020-05-18T19:30:33+00:00","dateModified":"2024-02-29T17:29:37+00:00","breadcrumb":{"@id":"https:\/\/www.his-germany.de\/de\/erlaeuterung-zum-umgang-mit-personenbezogenen-informationen-bei-der-verteilung-von-e-mail-newslettern-mailmagazin\/#breadcrumb"},"inLanguage":"de","potentialAction":[{"@type":"ReadAction","target":["https:\/\/www.his-germany.de\/de\/erlaeuterung-zum-umgang-mit-personenbezogenen-informationen-bei-der-verteilung-von-e-mail-newslettern-mailmagazin\/"]}]},{"@type":"ImageObject","inLanguage":"de","@id":"https:\/\/www.his-germany.de\/de\/erlaeuterung-zum-umgang-mit-personenbezogenen-informationen-bei-der-verteilung-von-e-mail-newslettern-mailmagazin\/#primaryimage","url":"https:\/\/www.his-germany.de\/de\/wp-content\/uploads\/sites\/2\/2020\/06\/HIS_NoImage-3.jpg","contentUrl":"https:\/\/www.his-germany.de\/de\/wp-content\/uploads\/sites\/2\/2020\/06\/HIS_NoImage-3.jpg","width":936,"height":561},{"@type":"BreadcrumbList","@id":"https:\/\/www.his-germany.de\/de\/erlaeuterung-zum-umgang-mit-personenbezogenen-informationen-bei-der-verteilung-von-e-mail-newslettern-mailmagazin\/#breadcrumb","itemListElement":[{"@type":"ListItem","position":1,"name":"Startseite","item":"https:\/\/www.his-germany.de\/de\/"},{"@type":"ListItem","position":2,"name":"Erl\u00e4uterung zum Umgang mit personenbezogenen Informationen bei der Verteilung von E-Mail-Newslettern (Mailmagazin)"}]},{"@type":"WebSite","@id":"https:\/\/www.his-germany.de\/de\/#website","url":"https:\/\/www.his-germany.de\/de\/","name":"H.I.S. Germany DE","description":"Reise nach Japan","publisher":{"@id":"https:\/\/www.his-germany.de\/de\/#organization"},"potentialAction":[{"@type":"SearchAction","target":{"@type":"EntryPoint","urlTemplate":"https:\/\/www.his-germany.de\/de\/?s={search_term_string}"},"query-input":"required name=search_term_string"}],"inLanguage":"de"},{"@type":"Organization","@id":"https:\/\/www.his-germany.de\/de\/#organization","name":"H.I.S. Deutschland Touristik GmbH","url":"https:\/\/www.his-germany.de\/de\/","logo":{"@type":"ImageObject","inLanguage":"de","@id":"https:\/\/www.his-germany.de\/de\/#\/schema\/logo\/image\/","url":"https:\/\/www.his-germany.de\/de\/wp-content\/uploads\/sites\/2\/2017\/04\/logo-panel.jpg","contentUrl":"https:\/\/www.his-germany.de\/de\/wp-content\/uploads\/sites\/2\/2017\/04\/logo-panel.jpg","width":936,"height":561,"caption":"H.I.S. Deutschland Touristik GmbH"},"image":{"@id":"https:\/\/www.his-germany.de\/de\/#\/schema\/logo\/image\/"},"sameAs":["https:\/\/www.facebook.com\/HIS.Deutschland"]}]}},"acf":[],"publishpress_future_action":{"enabled":false,"date":"2026-04-25 14:33:29","action":"change-status","newStatus":"draft","terms":[],"taxonomy":""},"_links":{"self":[{"href":"https:\/\/www.his-germany.de\/de\/wp-json\/wp\/v2\/pages\/8676"}],"collection":[{"href":"https:\/\/www.his-germany.de\/de\/wp-json\/wp\/v2\/pages"}],"about":[{"href":"https:\/\/www.his-germany.de\/de\/wp-json\/wp\/v2\/types\/page"}],"author":[{"embeddable":true,"href":"https:\/\/www.his-germany.de\/de\/wp-json\/wp\/v2\/users\/3"}],"replies":[{"embeddable":true,"href":"https:\/\/www.his-germany.de\/de\/wp-json\/wp\/v2\/comments?post=8676"}],"version-history":[{"count":3,"href":"https:\/\/www.his-germany.de\/de\/wp-json\/wp\/v2\/pages\/8676\/revisions"}],"predecessor-version":[{"id":9807,"href":"https:\/\/www.his-germany.de\/de\/wp-json\/wp\/v2\/pages\/8676\/revisions\/9807"}],"wp:featuredmedia":[{"embeddable":true,"href":"https:\/\/www.his-germany.de\/de\/wp-json\/wp\/v2\/media\/8850"}],"wp:attachment":[{"href":"https:\/\/www.his-germany.de\/de\/wp-json\/wp\/v2\/media?parent=8676"}],"curies":[{"name":"wp","href":"https:\/\/api.w.org\/{rel}","templated":true}]}}